{"id":17019,"date":"2021-03-12T10:55:52","date_gmt":"2021-03-12T10:55:52","guid":{"rendered":"http:\/\/cvx.vc\/alla-intervjuer\/"},"modified":"2022-11-09T15:08:41","modified_gmt":"2022-11-09T15:08:41","slug":"alla-intervjuer","status":"publish","type":"page","link":"https:\/\/cvx.vc\/sv\/alla-intervjuer\/","title":{"rendered":"Alla intervjuer"},"content":{"rendered":"\t\t<div data-elementor-type=\"wp-post\" data-elementor-id=\"17019\" class=\"elementor elementor-17019 elementor-5608\" data-elementor-post-type=\"page\">\n\t\t\t\t\t\t<section class=\"elementor-section elementor-top-section elementor-element elementor-element-afd1cf5 elementor-section-stretched elementor-section-full_width elementor-section-height-min-height elementor-section-height-default elementor-section-items-middle\" data-id=\"afd1cf5\" data-element_type=\"section\" data-settings=\"{&quot;stretch_section&quot;:&quot;section-stretched&quot;,&quot;background_background&quot;:&quot;classic&quot;}\">\n\t\t\t\t\t\t\t<div class=\"elementor-background-overlay\"><\/div>\n\t\t\t\t\t\t\t<div class=\"elementor-container elementor-column-gap-default\">\n\t\t\t\t\t<div class=\"elementor-column elementor-col-100 elementor-top-column elementor-element elementor-element-c30791e\" data-id=\"c30791e\" data-element_type=\"column\" data-settings=\"{&quot;background_background&quot;:&quot;slideshow&quot;,&quot;background_slideshow_gallery&quot;:[],&quot;background_slideshow_loop&quot;:&quot;yes&quot;,&quot;background_slideshow_slide_duration&quot;:5000,&quot;background_slideshow_slide_transition&quot;:&quot;fade&quot;,&quot;background_slideshow_transition_duration&quot;:500}\">\n\t\t\t<div class=\"elementor-widget-wrap elementor-element-populated\">\n\t\t\t\t\t\t<div class=\"elementor-element elementor-element-40cf14a elementor-widget elementor-widget-heading\" data-id=\"40cf14a\" data-element_type=\"widget\" data-widget_type=\"heading.default\">\n\t\t\t\t<div class=\"elementor-widget-container\">\n\t\t\t<h2 class=\"elementor-heading-title elementor-size-default\">Alla intervjuer<\/h2>\t\t<\/div>\n\t\t\t\t<\/div>\n\t\t\t\t<div class=\"elementor-element elementor-element-565c69d elementor-widget elementor-widget-text-editor\" data-id=\"565c69d\" data-element_type=\"widget\" data-widget_type=\"text-editor.default\">\n\t\t\t\t<div class=\"elementor-widget-container\">\n\t\t\t\t\t\t\t<p style=\"text-align: center\">Vi delar veckovisa nyheter fr\u00e5n den danska venture-milj\u00f6n och delar v\u00e5ra insikter genom blogginl\u00e4gg och intervjuer med aktuella och relevanta akt\u00f6rer.<\/p>\n\t\t\t\t\t\t<\/div>\n\t\t\t\t<\/div>\n\t\t\t\t\t<\/div>\n\t\t<\/div>\n\t\t\t\t\t<\/div>\n\t\t<\/section>\n\t\t\t\t<section class=\"elementor-section elementor-top-section elementor-element elementor-element-99ccbd7 elementor-section-boxed elementor-section-height-default elementor-section-height-default\" data-id=\"99ccbd7\" data-element_type=\"section\" data-settings=\"{&quot;background_background&quot;:&quot;classic&quot;}\">\n\t\t\t\t\t\t<div class=\"elementor-container elementor-column-gap-default\">\n\t\t\t\t\t<div class=\"elementor-column elementor-col-100 elementor-top-column elementor-element elementor-element-696d9ed\" data-id=\"696d9ed\" data-element_type=\"column\">\n\t\t\t<div class=\"elementor-widget-wrap elementor-element-populated\">\n\t\t\t\t\t\t<div class=\"elementor-element elementor-element-8a58bf4 elementor-widget elementor-widget-heading\" data-id=\"8a58bf4\" data-element_type=\"widget\" data-widget_type=\"heading.default\">\n\t\t\t\t<div class=\"elementor-widget-container\">\n\t\t\t<h2 class=\"elementor-heading-title elementor-size-default\">Utvalda intervjuer<\/h2>\t\t<\/div>\n\t\t\t\t<\/div>\n\t\t\t\t\t<\/div>\n\t\t<\/div>\n\t\t\t\t\t<\/div>\n\t\t<\/section>\n\t\t\t\t<section class=\"elementor-section elementor-top-section elementor-element elementor-element-8edbb76 elementor-section-boxed elementor-section-height-default elementor-section-height-default\" data-id=\"8edbb76\" data-element_type=\"section\" data-settings=\"{&quot;background_background&quot;:&quot;classic&quot;}\">\n\t\t\t\t\t\t<div class=\"elementor-container elementor-column-gap-default\">\n\t\t\t\t\t<div class=\"elementor-column elementor-col-100 elementor-top-column elementor-element elementor-element-98607cf\" data-id=\"98607cf\" data-element_type=\"column\">\n\t\t\t<div class=\"elementor-widget-wrap elementor-element-populated\">\n\t\t\t\t\t\t<div class=\"elementor-element elementor-element-ffc495d elementor-widget elementor-widget-heading\" data-id=\"ffc495d\" data-element_type=\"widget\" data-widget_type=\"heading.default\">\n\t\t\t\t<div class=\"elementor-widget-container\">\n\t\t\t<h2 class=\"elementor-heading-title elementor-size-default\">Alla nyheter<\/h2>\t\t<\/div>\n\t\t\t\t<\/div>\n\t\t\t\t<div class=\"elementor-element elementor-element-54f92e3 elementor-align-center elementor-widget elementor-widget-button\" data-id=\"54f92e3\" data-element_type=\"widget\" data-widget_type=\"button.default\">\n\t\t\t\t<div class=\"elementor-widget-container\">\n\t\t\t\t\t<div class=\"elementor-button-wrapper\">\n\t\t\t<a class=\"elementor-button elementor-button-link elementor-size-sm\" href=\"http:\/\/gammel.wireframe.dk\/insights\/alle-nyheder\/\">\n\t\t\t\t\t\t<span class=\"elementor-button-content-wrapper\">\n\t\t\t\t\t\t\t\t\t<span class=\"elementor-button-text\">Se alla nyheter \u2192<\/span>\n\t\t\t\t\t<\/span>\n\t\t\t\t\t<\/a>\n\t\t<\/div>\n\t\t\t\t<\/div>\n\t\t\t\t<\/div>\n\t\t\t\t\t<\/div>\n\t\t<\/div>\n\t\t\t\t\t<\/div>\n\t\t<\/section>\n\t\t\t\t<section class=\"elementor-section elementor-top-section elementor-element elementor-element-1c495b1 elementor-section-boxed elementor-section-height-default elementor-section-height-default\" data-id=\"1c495b1\" data-element_type=\"section\" data-settings=\"{&quot;background_background&quot;:&quot;classic&quot;}\">\n\t\t\t\t\t\t<div class=\"elementor-container elementor-column-gap-default\">\n\t\t\t\t\t<div class=\"elementor-column elementor-col-100 elementor-top-column elementor-element elementor-element-31aeafa\" data-id=\"31aeafa\" data-element_type=\"column\">\n\t\t\t<div class=\"elementor-widget-wrap elementor-element-populated\">\n\t\t\t\t\t\t<div class=\"elementor-element elementor-element-6a254a8 elementor-widget elementor-widget-heading\" data-id=\"6a254a8\" data-element_type=\"widget\" data-widget_type=\"heading.default\">\n\t\t\t\t<div class=\"elementor-widget-container\">\n\t\t\t<h2 class=\"elementor-heading-title elementor-size-default\">Utvalda bloggar<\/h2>\t\t<\/div>\n\t\t\t\t<\/div>\n\t\t\t\t<div class=\"elementor-element elementor-element-f063775 elementor-posts--align-center elementor-grid-3 elementor-grid-tablet-2 elementor-grid-mobile-1 elementor-posts--thumbnail-top elementor-card-shadow-yes elementor-posts__hover-gradient elementor-widget elementor-widget-posts\" data-id=\"f063775\" data-element_type=\"widget\" data-settings=\"{&quot;cards_columns&quot;:&quot;3&quot;,&quot;cards_columns_tablet&quot;:&quot;2&quot;,&quot;cards_columns_mobile&quot;:&quot;1&quot;,&quot;cards_row_gap&quot;:{&quot;unit&quot;:&quot;px&quot;,&quot;size&quot;:35,&quot;sizes&quot;:[]},&quot;cards_row_gap_tablet&quot;:{&quot;unit&quot;:&quot;px&quot;,&quot;size&quot;:&quot;&quot;,&quot;sizes&quot;:[]},&quot;cards_row_gap_mobile&quot;:{&quot;unit&quot;:&quot;px&quot;,&quot;size&quot;:&quot;&quot;,&quot;sizes&quot;:[]}}\" data-widget_type=\"posts.cards\">\n\t\t\t\t<div class=\"elementor-widget-container\">\n\t\t\t\t\t<div class=\"elementor-posts-container elementor-posts elementor-posts--skin-cards elementor-grid\">\n\t\t\t\t<article class=\"elementor-post elementor-grid-item post-38660 post type-post status-publish format-standard has-post-thumbnail hentry category-blogs-sv category-uncategorized-no\">\n\t\t\t<div class=\"elementor-post__card\">\n\t\t\t\t<a class=\"elementor-post__thumbnail__link\" href=\"https:\/\/cvx.vc\/sv\/blogs-sv\/cvx-invests-in-sustainability-and-electrical-infrastructure\/\" tabindex=\"-1\" target=\"_blank\"><div class=\"elementor-post__thumbnail\"><img fetchpriority=\"high\" decoding=\"async\" width=\"300\" height=\"168\" src=\"https:\/\/cvx.vc\/wp-content\/uploads\/2024\/04\/1710930002181-300x168.jpeg\" class=\"attachment-medium size-medium wp-image-38652\" alt=\"\" srcset=\"https:\/\/cvx.vc\/wp-content\/uploads\/2024\/04\/1710930002181-300x168.jpeg 300w, https:\/\/cvx.vc\/wp-content\/uploads\/2024\/04\/1710930002181-1024x575.jpeg 1024w, https:\/\/cvx.vc\/wp-content\/uploads\/2024\/04\/1710930002181-768x431.jpeg 768w, https:\/\/cvx.vc\/wp-content\/uploads\/2024\/04\/1710930002181-1536x862.jpeg 1536w, https:\/\/cvx.vc\/wp-content\/uploads\/2024\/04\/1710930002181.jpeg 2048w\" sizes=\"(max-width: 300px) 100vw, 300px\" \/><\/div><\/a>\n\t\t\t\t<div class=\"elementor-post__badge\">Blogs<\/div>\n\t\t\t\t<div class=\"elementor-post__text\">\n\t\t\t\t<h3 class=\"elementor-post__title\">\n\t\t\t<a href=\"https:\/\/cvx.vc\/sv\/blogs-sv\/cvx-invests-in-sustainability-and-electrical-infrastructure\/\" target=&quot;_blank&quot;>\n\t\t\t\tCVX invests in sustainability and electrical infrastructure\t\t\t<\/a>\n\t\t<\/h3>\n\t\t\n\t\t<a class=\"elementor-post__read-more\" href=\"https:\/\/cvx.vc\/sv\/blogs-sv\/cvx-invests-in-sustainability-and-electrical-infrastructure\/\" aria-label=\"L\u00e4s mer om CVX invests in sustainability and electrical infrastructure\" tabindex=\"-1\" target=\"_blank\">\n\t\t\tL\u00e4s mer \u2192\t\t<\/a>\n\n\t\t\t\t<\/div>\n\t\t\t\t\t<\/div>\n\t\t<\/article>\n\t\t\t\t<article class=\"elementor-post elementor-grid-item post-38387 post type-post status-publish format-standard has-post-thumbnail hentry category-uncategorized category-uncategorized-no\">\n\t\t\t<div class=\"elementor-post__card\">\n\t\t\t\t<a class=\"elementor-post__thumbnail__link\" href=\"https:\/\/cvx.vc\/sv\/okategoriserad\/overcoming-challenges-raskrasks-entrepreneurial-journey\/\" tabindex=\"-1\" target=\"_blank\"><div class=\"elementor-post__thumbnail\"><img decoding=\"async\" width=\"300\" height=\"180\" src=\"https:\/\/cvx.vc\/wp-content\/uploads\/2024\/03\/About-Us-photo.png-300x180.webp\" class=\"attachment-medium size-medium wp-image-38378\" alt=\"\" srcset=\"https:\/\/cvx.vc\/wp-content\/uploads\/2024\/03\/About-Us-photo.png-300x180.webp 300w, https:\/\/cvx.vc\/wp-content\/uploads\/2024\/03\/About-Us-photo.png-1024x615.webp 1024w, https:\/\/cvx.vc\/wp-content\/uploads\/2024\/03\/About-Us-photo.png-768x461.webp 768w, https:\/\/cvx.vc\/wp-content\/uploads\/2024\/03\/About-Us-photo.png.webp 1500w\" sizes=\"(max-width: 300px) 100vw, 300px\" \/><\/div><\/a>\n\t\t\t\t<div class=\"elementor-post__badge\">Uncategorized<\/div>\n\t\t\t\t<div class=\"elementor-post__text\">\n\t\t\t\t<h3 class=\"elementor-post__title\">\n\t\t\t<a href=\"https:\/\/cvx.vc\/sv\/okategoriserad\/overcoming-challenges-raskrasks-entrepreneurial-journey\/\" target=&quot;_blank&quot;>\n\t\t\t\tOvercoming challenges: RaskRask&#8217;s entrepreneurial journey\t\t\t<\/a>\n\t\t<\/h3>\n\t\t\n\t\t<a class=\"elementor-post__read-more\" href=\"https:\/\/cvx.vc\/sv\/okategoriserad\/overcoming-challenges-raskrasks-entrepreneurial-journey\/\" aria-label=\"L\u00e4s mer om Overcoming challenges: RaskRask&#8217;s entrepreneurial journey\" tabindex=\"-1\" target=\"_blank\">\n\t\t\tL\u00e4s mer \u2192\t\t<\/a>\n\n\t\t\t\t<\/div>\n\t\t\t\t\t<\/div>\n\t\t<\/article>\n\t\t\t\t<article class=\"elementor-post elementor-grid-item post-38227 post type-post status-publish format-standard has-post-thumbnail hentry category-okategoriserad\">\n\t\t\t<div class=\"elementor-post__card\">\n\t\t\t\t<a class=\"elementor-post__thumbnail__link\" href=\"https:\/\/cvx.vc\/sv\/okategoriserad\/elevating-start-up-success-the-importance-of-building-an-exceptional-advisory-board\/\" tabindex=\"-1\" target=\"_blank\"><div class=\"elementor-post__thumbnail\"><img decoding=\"async\" width=\"300\" height=\"158\" src=\"https:\/\/cvx.vc\/wp-content\/uploads\/2024\/03\/6-1-300x158.jpg\" class=\"attachment-medium size-medium wp-image-38219\" alt=\"Partner meeting for potential Board, Advisory, or investors\" srcset=\"https:\/\/cvx.vc\/wp-content\/uploads\/2024\/03\/6-1-300x158.jpg 300w, https:\/\/cvx.vc\/wp-content\/uploads\/2024\/03\/6-1-1024x538.jpg 1024w, https:\/\/cvx.vc\/wp-content\/uploads\/2024\/03\/6-1-768x403.jpg 768w, https:\/\/cvx.vc\/wp-content\/uploads\/2024\/03\/6-1.jpg 1200w\" sizes=\"(max-width: 300px) 100vw, 300px\" \/><\/div><\/a>\n\t\t\t\t<div class=\"elementor-post__badge\">Okategoriserad<\/div>\n\t\t\t\t<div class=\"elementor-post__text\">\n\t\t\t\t<h3 class=\"elementor-post__title\">\n\t\t\t<a href=\"https:\/\/cvx.vc\/sv\/okategoriserad\/elevating-start-up-success-the-importance-of-building-an-exceptional-advisory-board\/\" target=&quot;_blank&quot;>\n\t\t\t\tElevating Start-up Success: The Importance of Building an Exceptional Board or Advisory\t\t\t<\/a>\n\t\t<\/h3>\n\t\t\n\t\t<a class=\"elementor-post__read-more\" href=\"https:\/\/cvx.vc\/sv\/okategoriserad\/elevating-start-up-success-the-importance-of-building-an-exceptional-advisory-board\/\" aria-label=\"L\u00e4s mer om Elevating Start-up Success: The Importance of Building an Exceptional Board or Advisory\" tabindex=\"-1\" target=\"_blank\">\n\t\t\tL\u00e4s mer \u2192\t\t<\/a>\n\n\t\t\t\t<\/div>\n\t\t\t\t\t<\/div>\n\t\t<\/article>\n\t\t\t\t<\/div>\n\t\t\n\t\t\t\t<\/div>\n\t\t\t\t<\/div>\n\t\t\t\t<div class=\"elementor-element elementor-element-a856067 elementor-align-center elementor-widget elementor-widget-button\" data-id=\"a856067\" data-element_type=\"widget\" data-widget_type=\"button.default\">\n\t\t\t\t<div class=\"elementor-widget-container\">\n\t\t\t\t\t<div class=\"elementor-button-wrapper\">\n\t\t\t<a class=\"elementor-button elementor-button-link elementor-size-sm\" href=\"http:\/\/gammel.wireframe.dk\/insights\/alle-blogs\/\">\n\t\t\t\t\t\t<span class=\"elementor-button-content-wrapper\">\n\t\t\t\t\t\t\t\t\t<span class=\"elementor-button-text\">Se alla bloggar \u2192<\/span>\n\t\t\t\t\t<\/span>\n\t\t\t\t\t<\/a>\n\t\t<\/div>\n\t\t\t\t<\/div>\n\t\t\t\t<\/div>\n\t\t\t\t\t<\/div>\n\t\t<\/div>\n\t\t\t\t\t<\/div>\n\t\t<\/section>\n\t\t\t\t<\/div>\n\t\t","protected":false},"excerpt":{"rendered":"<p>Alla intervjuer Vi delar veckovisa nyheter fr\u00e5n den danska venture-milj\u00f6n och delar v\u00e5ra insikter genom blogginl\u00e4gg och intervjuer med aktuella och relevanta akt\u00f6rer. Utvalda intervjuer<\/p>\n","protected":false},"author":25,"featured_media":0,"parent":0,"menu_order":0,"comment_status":"closed","ping_status":"closed","template":"elementor_header_footer","meta":{"site-sidebar-layout":"default","site-content-layout":"","ast-site-content-layout":"","site-content-style":"default","site-sidebar-style":"default","ast-global-header-display":"","ast-banner-title-visibility":"","ast-main-header-display":"","ast-hfb-above-header-display":"","ast-hfb-below-header-display":"","ast-hfb-mobile-header-display":"","site-post-title":"","ast-breadcrumbs-content":"","ast-featured-img":"","footer-sml-layout":"","theme-transparent-header-meta":"","adv-header-id-meta":"","stick-header-meta":"","header-above-stick-meta":"","header-main-stick-meta":"","header-below-stick-meta":"","astra-migrate-meta-layouts":"default","ast-page-background-enabled":"default","ast-page-background-meta":{"desktop":{"background-color":"","background-image":"","background-repeat":"repeat","background-position":"center center","background-size":"auto","background-attachment":"scroll","background-type":"","background-media":"","overlay-type":"","overlay-color":"","overlay-gradient":""},"tablet":{"background-color":"","background-image":"","background-repeat":"repeat","background-position":"center center","background-size":"auto","background-attachment":"scroll","background-type":"","background-media":"","overlay-type":"","overlay-color":"","overlay-gradient":""},"mobile":{"background-color":"","background-image":"","background-repeat":"repeat","background-position":"center center","background-size":"auto","background-attachment":"scroll","background-type":"","background-media":"","overlay-type":"","overlay-color":"","overlay-gradient":""}},"ast-content-background-meta":{"desktop":{"background-color":"var(--ast-global-color-5)","background-image":"","background-repeat":"repeat","background-position":"center center","background-size":"auto","background-attachment":"scroll","background-type":"","background-media":"","overlay-type":"","overlay-color":"","overlay-gradient":""},"tablet":{"background-color":"var(--ast-global-color-5)","background-image":"","background-repeat":"repeat","background-position":"center center","background-size":"auto","background-attachment":"scroll","background-type":"","background-media":"","overlay-type":"","overlay-color":"","overlay-gradient":""},"mobile":{"background-color":"var(--ast-global-color-5)","background-image":"","background-repeat":"repeat","background-position":"center center","background-size":"auto","background-attachment":"scroll","background-type":"","background-media":"","overlay-type":"","overlay-color":"","overlay-gradient":""}},"footnotes":""},"yoast_head":"<!-- This site is optimized with the Yoast SEO Premium plugin v22.4 (Yoast SEO v23.5) - https:\/\/yoast.com\/wordpress\/plugins\/seo\/ -->\n<title>Alla intervjuer | CVX Ventures<\/title>\n<meta name=\"robots\" content=\"index, follow, max-snippet:-1, max-image-preview:large, max-video-preview:-1\" \/>\n<link rel=\"canonical\" href=\"https:\/\/cvx.vc\/sv\/alla-intervjuer\/\" \/>\n<meta property=\"og:locale\" content=\"sv_SE\" \/>\n<meta property=\"og:type\" content=\"article\" \/>\n<meta property=\"og:title\" content=\"Alla intervjuer\" \/>\n<meta property=\"og:description\" content=\"Alla intervjuer Vi delar veckovisa nyheter fr\u00e5n den danska venture-milj\u00f6n och delar v\u00e5ra insikter genom blogginl\u00e4gg och intervjuer med aktuella och relevanta akt\u00f6rer. Utvalda intervjuer\" \/>\n<meta property=\"og:url\" content=\"https:\/\/cvx.vc\/sv\/alla-intervjuer\/\" \/>\n<meta property=\"og:site_name\" content=\"CVX Ventures\" \/>\n<meta property=\"article:publisher\" content=\"https:\/\/www.facebook.com\/cvxventures\/\" \/>\n<meta property=\"article:modified_time\" content=\"2022-11-09T15:08:41+00:00\" \/>\n<meta name=\"twitter:card\" content=\"summary_large_image\" \/>\n<script type=\"application\/ld+json\" class=\"yoast-schema-graph\">{\"@context\":\"https:\/\/schema.org\",\"@graph\":[{\"@type\":\"WebPage\",\"@id\":\"https:\/\/cvx.vc\/sv\/alla-intervjuer\/\",\"url\":\"https:\/\/cvx.vc\/sv\/alla-intervjuer\/\",\"name\":\"Alla intervjuer | CVX Ventures\",\"isPartOf\":{\"@id\":\"https:\/\/cvx.vc\/da\/#website\"},\"datePublished\":\"2021-03-12T10:55:52+00:00\",\"dateModified\":\"2022-11-09T15:08:41+00:00\",\"breadcrumb\":{\"@id\":\"https:\/\/cvx.vc\/sv\/alla-intervjuer\/#breadcrumb\"},\"inLanguage\":\"sv-SE\",\"potentialAction\":[{\"@type\":\"ReadAction\",\"target\":[\"https:\/\/cvx.vc\/sv\/alla-intervjuer\/\"]}]},{\"@type\":\"BreadcrumbList\",\"@id\":\"https:\/\/cvx.vc\/sv\/alla-intervjuer\/#breadcrumb\",\"itemListElement\":[{\"@type\":\"ListItem\",\"position\":1,\"name\":\"Hjem\",\"item\":\"https:\/\/cvx.vc\/\"},{\"@type\":\"ListItem\",\"position\":2,\"name\":\"Alla intervjuer\"}]},{\"@type\":\"WebSite\",\"@id\":\"https:\/\/cvx.vc\/da\/#website\",\"url\":\"https:\/\/cvx.vc\/da\/\",\"name\":\"CVX Ventures\",\"description\":\"Vi investerer i Danmarks mest lovende v\u00e6kstvirksomheder\",\"publisher\":{\"@id\":\"https:\/\/cvx.vc\/da\/#organization\"},\"potentialAction\":[{\"@type\":\"SearchAction\",\"target\":{\"@type\":\"EntryPoint\",\"urlTemplate\":\"https:\/\/cvx.vc\/da\/?s={search_term_string}\"},\"query-input\":{\"@type\":\"PropertyValueSpecification\",\"valueRequired\":true,\"valueName\":\"search_term_string\"}}],\"inLanguage\":\"sv-SE\"},{\"@type\":\"Organization\",\"@id\":\"https:\/\/cvx.vc\/da\/#organization\",\"name\":\"CVX Ventures | Danmarks mest v\u00e6rdiskabende investor\",\"url\":\"https:\/\/cvx.vc\/da\/\",\"logo\":{\"@type\":\"ImageObject\",\"inLanguage\":\"sv-SE\",\"@id\":\"https:\/\/cvx.vc\/da\/#\/schema\/logo\/image\/\",\"url\":\"https:\/\/cvx.vc\/wp-content\/uploads\/2022\/08\/Group-241.svg\",\"contentUrl\":\"https:\/\/cvx.vc\/wp-content\/uploads\/2022\/08\/Group-241.svg\",\"width\":827,\"height\":394,\"caption\":\"CVX Ventures | Danmarks mest v\u00e6rdiskabende investor\"},\"image\":{\"@id\":\"https:\/\/cvx.vc\/da\/#\/schema\/logo\/image\/\"},\"sameAs\":[\"https:\/\/www.facebook.com\/cvxventures\/\",\"https:\/\/www.linkedin.com\/company\/cvxventures\/\"]}]}<\/script>\n<!-- \/ Yoast SEO Premium plugin. -->","yoast_head_json":{"title":"Alla intervjuer | CVX Ventures","robots":{"index":"index","follow":"follow","max-snippet":"max-snippet:-1","max-image-preview":"max-image-preview:large","max-video-preview":"max-video-preview:-1"},"canonical":"https:\/\/cvx.vc\/sv\/alla-intervjuer\/","og_locale":"sv_SE","og_type":"article","og_title":"Alla intervjuer","og_description":"Alla intervjuer Vi delar veckovisa nyheter fr\u00e5n den danska venture-milj\u00f6n och delar v\u00e5ra insikter genom blogginl\u00e4gg och intervjuer med aktuella och relevanta akt\u00f6rer. Utvalda intervjuer","og_url":"https:\/\/cvx.vc\/sv\/alla-intervjuer\/","og_site_name":"CVX Ventures","article_publisher":"https:\/\/www.facebook.com\/cvxventures\/","article_modified_time":"2022-11-09T15:08:41+00:00","twitter_card":"summary_large_image","schema":{"@context":"https:\/\/schema.org","@graph":[{"@type":"WebPage","@id":"https:\/\/cvx.vc\/sv\/alla-intervjuer\/","url":"https:\/\/cvx.vc\/sv\/alla-intervjuer\/","name":"Alla intervjuer | CVX Ventures","isPartOf":{"@id":"https:\/\/cvx.vc\/da\/#website"},"datePublished":"2021-03-12T10:55:52+00:00","dateModified":"2022-11-09T15:08:41+00:00","breadcrumb":{"@id":"https:\/\/cvx.vc\/sv\/alla-intervjuer\/#breadcrumb"},"inLanguage":"sv-SE","potentialAction":[{"@type":"ReadAction","target":["https:\/\/cvx.vc\/sv\/alla-intervjuer\/"]}]},{"@type":"BreadcrumbList","@id":"https:\/\/cvx.vc\/sv\/alla-intervjuer\/#breadcrumb","itemListElement":[{"@type":"ListItem","position":1,"name":"Hjem","item":"https:\/\/cvx.vc\/"},{"@type":"ListItem","position":2,"name":"Alla intervjuer"}]},{"@type":"WebSite","@id":"https:\/\/cvx.vc\/da\/#website","url":"https:\/\/cvx.vc\/da\/","name":"CVX Ventures","description":"Vi investerer i Danmarks mest lovende v\u00e6kstvirksomheder","publisher":{"@id":"https:\/\/cvx.vc\/da\/#organization"},"potentialAction":[{"@type":"SearchAction","target":{"@type":"EntryPoint","urlTemplate":"https:\/\/cvx.vc\/da\/?s={search_term_string}"},"query-input":{"@type":"PropertyValueSpecification","valueRequired":true,"valueName":"search_term_string"}}],"inLanguage":"sv-SE"},{"@type":"Organization","@id":"https:\/\/cvx.vc\/da\/#organization","name":"CVX Ventures | Danmarks mest v\u00e6rdiskabende investor","url":"https:\/\/cvx.vc\/da\/","logo":{"@type":"ImageObject","inLanguage":"sv-SE","@id":"https:\/\/cvx.vc\/da\/#\/schema\/logo\/image\/","url":"https:\/\/cvx.vc\/wp-content\/uploads\/2022\/08\/Group-241.svg","contentUrl":"https:\/\/cvx.vc\/wp-content\/uploads\/2022\/08\/Group-241.svg","width":827,"height":394,"caption":"CVX Ventures | Danmarks mest v\u00e6rdiskabende investor"},"image":{"@id":"https:\/\/cvx.vc\/da\/#\/schema\/logo\/image\/"},"sameAs":["https:\/\/www.facebook.com\/cvxventures\/","https:\/\/www.linkedin.com\/company\/cvxventures\/"]}]}},"_links":{"self":[{"href":"https:\/\/cvx.vc\/sv\/wp-json\/wp\/v2\/pages\/17019"}],"collection":[{"href":"https:\/\/cvx.vc\/sv\/wp-json\/wp\/v2\/pages"}],"about":[{"href":"https:\/\/cvx.vc\/sv\/wp-json\/wp\/v2\/types\/page"}],"author":[{"embeddable":true,"href":"https:\/\/cvx.vc\/sv\/wp-json\/wp\/v2\/users\/25"}],"replies":[{"embeddable":true,"href":"https:\/\/cvx.vc\/sv\/wp-json\/wp\/v2\/comments?post=17019"}],"version-history":[{"count":0,"href":"https:\/\/cvx.vc\/sv\/wp-json\/wp\/v2\/pages\/17019\/revisions"}],"wp:attachment":[{"href":"https:\/\/cvx.vc\/sv\/wp-json\/wp\/v2\/media?parent=17019"}],"curies":[{"name":"wp","href":"https:\/\/api.w.org\/{rel}","templated":true}]}}