{"id":37691,"date":"2023-07-11T11:20:37","date_gmt":"2023-07-11T11:20:37","guid":{"rendered":"https:\/\/cvx.vc\/gruvehendelser\/"},"modified":"2024-03-05T13:26:21","modified_gmt":"2024-03-05T13:26:21","slug":"begivenhet","status":"publish","type":"page","link":"https:\/\/cvx.vc\/no\/begivenhet\/","title":{"rendered":"Begivenhet"},"content":{"rendered":"\t\t<div data-elementor-type=\"wp-page\" data-elementor-id=\"37691\" class=\"elementor elementor-37691\" data-elementor-post-type=\"page\">\n\t\t\t\t\t\t<section class=\"elementor-section elementor-top-section elementor-element elementor-element-f08fdb4 elementor-section-full_width jedv-enabled--yes elementor-section-height-default elementor-section-height-default\" data-id=\"f08fdb4\" data-element_type=\"section\">\n\t\t\t\t\t\t<div class=\"elementor-container elementor-column-gap-default\">\n\t\t\t\t\t<div class=\"elementor-column elementor-col-100 elementor-top-column elementor-element elementor-element-4c6730a\" data-id=\"4c6730a\" data-element_type=\"column\">\n\t\t\t<div class=\"elementor-widget-wrap elementor-element-populated\">\n\t\t\t\t\t\t<div class=\"elementor-element elementor-element-306b057 elementor-widget elementor-widget-template\" data-id=\"306b057\" data-element_type=\"widget\" data-widget_type=\"template.default\">\n\t\t\t\t<div class=\"elementor-widget-container\">\n\t\t\t\t\t<div class=\"elementor-template\">\n\t\t\t\t\t<div data-elementor-type=\"section\" data-elementor-id=\"20877\" class=\"elementor elementor-20877\" data-elementor-post-type=\"elementor_library\">\n\t\t\t\t\t<section class=\"elementor-section elementor-top-section elementor-element elementor-element-027d1a7 elementor-section-height-min-height elementor-section-boxed elementor-section-height-default elementor-section-items-middle\" data-id=\"027d1a7\" data-element_type=\"section\" data-settings=\"{&quot;background_background&quot;:&quot;classic&quot;}\">\n\t\t\t\t\t\t<div class=\"elementor-container elementor-column-gap-default\">\n\t\t\t\t\t<div class=\"elementor-column elementor-col-50 elementor-top-column elementor-element elementor-element-b7f29d7\" data-id=\"b7f29d7\" data-element_type=\"column\" data-settings=\"{&quot;background_background&quot;:&quot;classic&quot;}\">\n\t\t\t<div class=\"elementor-widget-wrap elementor-element-populated\">\n\t\t\t\t\t\t<div class=\"elementor-element elementor-element-6363341 elementor-icon-list--layout-inline elementor-align-center elementor-list-item-link-full_width elementor-widget elementor-widget-icon-list\" data-id=\"6363341\" data-element_type=\"widget\" data-widget_type=\"icon-list.default\">\n\t\t\t\t<div class=\"elementor-widget-container\">\n\t\t\t\t\t<ul class=\"elementor-icon-list-items elementor-inline-items\">\n\t\t\t\t\t\t\t<li class=\"elementor-icon-list-item elementor-inline-item\">\n\t\t\t\t\t\t\t\t\t\t<span class=\"elementor-icon-list-text\">Log ind<\/span>\n\t\t\t\t\t\t\t\t\t<\/li>\n\t\t\t\t\t\t\t\t<li class=\"elementor-icon-list-item elementor-inline-item\">\n\t\t\t\t\t\t\t\t\t\t\t<span class=\"elementor-icon-list-icon\">\n\t\t\t\t\t\t\t<i aria-hidden=\"true\" class=\"fas fa-user-lock\"><\/i>\t\t\t\t\t\t<\/span>\n\t\t\t\t\t\t\t\t\t\t<span class=\"elementor-icon-list-text\"><\/span>\n\t\t\t\t\t\t\t\t\t<\/li>\n\t\t\t\t\t\t<\/ul>\n\t\t\t\t<\/div>\n\t\t\t\t<\/div>\n\t\t\t\t<div class=\"elementor-element elementor-element-2160514 elementor-button-align-stretch elementor-widget elementor-widget-login\" data-id=\"2160514\" data-element_type=\"widget\" data-widget_type=\"login.default\">\n\t\t\t\t<div class=\"elementor-widget-container\">\n\t\t\t\t\t<form class=\"elementor-login elementor-form\" method=\"post\" action=\"https:\/\/cvx.vc\/no\/wp-login.php\">\n\t\t\t<input type=\"hidden\" name=\"redirect_to\" value=\"https:\/\/cvx.vc\/da\/cvx-ventures-danmarks-mest-vaerdiskabende-investor\/\">\n\t\t\t<div class=\"elementor-form-fields-wrapper\">\n\t\t\t\t<div class=\"elementor-field-type-text elementor-field-group elementor-column elementor-col-100 elementor-field-required\">\n\t\t\t\t\t<label for=\"user-2160514\" class=\"elementor-field-label\">Brugernavn eller e-mailadresse<\/label>\n\t\t\t\t\t<input size=\"1\" type=\"text\" name=\"log\" id=\"user-2160514\" placeholder=\"\" class=\"elementor-field elementor-field-textual elementor-size-sm\">\n\t\t\t\t<\/div>\n\t\t\t\t<div class=\"elementor-field-type-text elementor-field-group elementor-column elementor-col-100 elementor-field-required\">\n\t\t\t\t\t<label for=\"password-2160514\" class=\"elementor-field-label\">Kodeord<\/label>\n\t\t\t\t\t<input size=\"1\" type=\"password\" name=\"pwd\" id=\"password-2160514\" placeholder=\"\" class=\"elementor-field elementor-field-textual elementor-size-sm\">\n\t\t\t\t<\/div>\n\n\t\t\t\t\t\t\t\t\t<div class=\"elementor-field-type-checkbox elementor-field-group elementor-column elementor-col-100 elementor-remember-me\">\n\t\t\t\t\t\t<label for=\"elementor-login-remember-me\">\n\t\t\t\t\t\t\t<input type=\"checkbox\" id=\"elementor-login-remember-me\" name=\"rememberme\" value=\"forever\">\n\t\t\t\t\t\t\tRemember Me\t\t\t\t\t\t<\/label>\n\t\t\t\t\t<\/div>\n\t\t\t\t\n\t\t\t\t<div class=\"elementor-field-group elementor-column elementor-field-type-submit elementor-col-100\">\n\t\t\t\t\t<button type=\"submit\" class=\"elementor-size-sm elementor-button\" name=\"wp-submit\">\n\t\t\t\t\t\t\t\t\t\t\t\t\t\t\t<span class=\"elementor-button-text\">Log Ind<\/span>\n\t\t\t\t\t\t\t\t\t\t\t\t<\/button>\n\t\t\t\t<\/div>\n\n\t\t\t\t\t\t\t\t\t<div class=\"elementor-field-group elementor-column elementor-col-100\">\n\t\t\t\t\t\t\t\t\t\t\t\t\t\t\t\t\t\t\t\t<a class=\"elementor-lost-password\" href=\"https:\/\/cvx.vc\/no\/wp-login.php?action=lostpassword&redirect_to=https%3A%2F%2Fcvx.vc%2Fda%2Fcvx-ventures-danmarks-mest-vaerdiskabende-investor%2F\">\n\t\t\t\t\t\t\t\tLost your password?\t\t\t\t\t\t\t<\/a>\n\t\t\t\t\t\t\n\t\t\t\t\t\t\t\t\t\t\t<\/div>\n\t\t\t\t\t\t\t<\/div>\n\t\t<\/form>\n\t\t\t\t<\/div>\n\t\t\t\t<\/div>\n\t\t\t\t\t<\/div>\n\t\t<\/div>\n\t\t\t\t<div class=\"elementor-column elementor-col-50 elementor-top-column elementor-element elementor-element-d79641c\" data-id=\"d79641c\" data-element_type=\"column\" data-settings=\"{&quot;background_background&quot;:&quot;classic&quot;}\">\n\t\t\t<div class=\"elementor-widget-wrap elementor-element-populated\">\n\t\t\t\t\t\t<div class=\"elementor-element elementor-element-392a27f elementor-hidden-mobile elementor-widget elementor-widget-image\" data-id=\"392a27f\" data-element_type=\"widget\" data-widget_type=\"image.default\">\n\t\t\t\t<div class=\"elementor-widget-container\">\n\t\t\t\t\t\t\t\t\t\t\t\t\t\t<a href=\"https:\/\/cvx.vc\/no\/\">\n\t\t\t\t\t\t\t<img fetchpriority=\"high\" decoding=\"async\" width=\"1000\" height=\"484\" src=\"https:\/\/cvx.vc\/wp-content\/uploads\/2023\/07\/cxv.png\" class=\"attachment-large size-large wp-image-20511\" alt=\"\" srcset=\"https:\/\/cvx.vc\/wp-content\/uploads\/2023\/07\/cxv.png 1000w, https:\/\/cvx.vc\/wp-content\/uploads\/2023\/07\/cxv-300x145.png 300w, https:\/\/cvx.vc\/wp-content\/uploads\/2023\/07\/cxv-768x372.png 768w\" sizes=\"(max-width: 1000px) 100vw, 1000px\" \/>\t\t\t\t\t\t\t\t<\/a>\n\t\t\t\t\t\t\t\t\t\t\t\t\t<\/div>\n\t\t\t\t<\/div>\n\t\t\t\t<div class=\"elementor-element elementor-element-c7f3405 elementor-widget elementor-widget-heading\" data-id=\"c7f3405\" data-element_type=\"widget\" data-widget_type=\"heading.default\">\n\t\t\t\t<div class=\"elementor-widget-container\">\n\t\t\t<h2 class=\"elementor-heading-title elementor-size-default\">Er du ikke partner?<\/h2>\t\t<\/div>\n\t\t\t\t<\/div>\n\t\t\t\t<div class=\"elementor-element elementor-element-528dafe elementor-widget elementor-widget-text-editor\" data-id=\"528dafe\" data-element_type=\"widget\" data-widget_type=\"text-editor.default\">\n\t\t\t\t<div class=\"elementor-widget-container\">\n\t\t\t\t\t\t\t<p>Vores partnere f\u00e5r gennem deres CVX-partnerskab Investerings, bestyrelses og advisorymuligeder i de dygtigste v\u00e6kstvirksomheder. Vi matcher vores partnere med virksomhederne p\u00e5 baggrund af kompetencer, interesser og \u00f8nsker inden for investeringer, bestyrelsesposter, udvikling og netv\u00e6rk.<\/p>\t\t\t\t\t\t<\/div>\n\t\t\t\t<\/div>\n\t\t\t\t<div class=\"elementor-element elementor-element-105b25e elementor-align-justify elementor-widget__width-inherit elementor-widget elementor-widget-button\" data-id=\"105b25e\" data-element_type=\"widget\" data-widget_type=\"button.default\">\n\t\t\t\t<div class=\"elementor-widget-container\">\n\t\t\t\t\t<div class=\"elementor-button-wrapper\">\n\t\t\t<a class=\"elementor-button elementor-button-link elementor-size-sm\" href=\"http:\/\/cvx.vc\/kontakt-os\/\" target=\"_blank\">\n\t\t\t\t\t\t<span class=\"elementor-button-content-wrapper\">\n\t\t\t\t\t\t\t\t\t<span class=\"elementor-button-text\">Ans\u00f8g om partnerskab<\/span>\n\t\t\t\t\t<\/span>\n\t\t\t\t\t<\/a>\n\t\t<\/div>\n\t\t\t\t<\/div>\n\t\t\t\t<\/div>\n\t\t\t\t\t<\/div>\n\t\t<\/div>\n\t\t\t\t\t<\/div>\n\t\t<\/section>\n\t\t\t\t<\/div>\n\t\t\t\t<\/div>\n\t\t\t\t<\/div>\n\t\t\t\t<\/div>\n\t\t\t\t\t<\/div>\n\t\t<\/div>\n\t\t\t\t\t<\/div>\n\t\t<\/section>\n\t\t\t\t<\/div>\n\t\t","protected":false},"excerpt":{"rendered":"<p>Kommende arrangementer Upcoming Events 20 mar 20 mar &#8211; 20 mar CVX Online Partnerm\u00f8de Marts 2024 20\/03\/24 16:00 &#8211; 20\/03\/24 18:00 Online Event 21 mar 21 mar &#8211; 21 mar CVX Partnerm\u00f8de Marts 2024 21\/03\/24 16:00 &#8211; 21\/03\/24 20:00 Stork\u00f8benhavn 29 apr 29 apr &#8211; 29 apr CVX Partnerm\u00f8de April 2024 29\/04\/24 16:00 &#8211; 29\/04\/24 [&hellip;]<\/p>\n","protected":false},"author":25,"featured_media":0,"parent":0,"menu_order":0,"comment_status":"closed","ping_status":"closed","template":"","meta":{"site-sidebar-layout":"no-sidebar","site-content-layout":"page-builder","ast-site-content-layout":"full-width-container","site-content-style":"unboxed","site-sidebar-style":"unboxed","ast-global-header-display":"","ast-banner-title-visibility":"","ast-main-header-display":"","ast-hfb-above-header-display":"","ast-hfb-below-header-display":"","ast-hfb-mobile-header-display":"","site-post-title":"disabled","ast-breadcrumbs-content":"","ast-featured-img":"disabled","footer-sml-layout":"","theme-transparent-header-meta":"","adv-header-id-meta":"","stick-header-meta":"","header-above-stick-meta":"","header-main-stick-meta":"","header-below-stick-meta":"","astra-migrate-meta-layouts":"set","ast-page-background-enabled":"default","ast-page-background-meta":{"desktop":{"background-color":"","background-image":"","background-repeat":"repeat","background-position":"center center","background-size":"auto","background-attachment":"scroll","background-type":"","background-media":"","overlay-type":"","overlay-color":"","overlay-gradient":""},"tablet":{"background-color":"","background-image":"","background-repeat":"repeat","background-position":"center center","background-size":"auto","background-attachment":"scroll","background-type":"","background-media":"","overlay-type":"","overlay-color":"","overlay-gradient":""},"mobile":{"background-color":"","background-image":"","background-repeat":"repeat","background-position":"center center","background-size":"auto","background-attachment":"scroll","background-type":"","background-media":"","overlay-type":"","overlay-color":"","overlay-gradient":""}},"ast-content-background-meta":{"desktop":{"background-color":"var(--ast-global-color-5)","background-image":"","background-repeat":"repeat","background-position":"center center","background-size":"auto","background-attachment":"scroll","background-type":"","background-media":"","overlay-type":"","overlay-color":"","overlay-gradient":""},"tablet":{"background-color":"var(--ast-global-color-5)","background-image":"","background-repeat":"repeat","background-position":"center center","background-size":"auto","background-attachment":"scroll","background-type":"","background-media":"","overlay-type":"","overlay-color":"","overlay-gradient":""},"mobile":{"background-color":"var(--ast-global-color-5)","background-image":"","background-repeat":"repeat","background-position":"center center","background-size":"auto","background-attachment":"scroll","background-type":"","background-media":"","overlay-type":"","overlay-color":"","overlay-gradient":""}},"footnotes":""},"yoast_head":"<!-- This site is optimized with the Yoast SEO Premium plugin v22.4 (Yoast SEO v23.5) - https:\/\/yoast.com\/wordpress\/plugins\/seo\/ -->\n<title>Begivenhet | CVX Ventures<\/title>\n<meta name=\"description\" content=\"CVX arrangerer jevnlig arrangementer for \u00e5 presentere sakene v\u00e5re. Her kan du lese om v\u00e5re kommende m\u00f8ter og hvordan du registrerer deg.\" \/>\n<meta name=\"robots\" content=\"index, follow, max-snippet:-1, max-image-preview:large, max-video-preview:-1\" \/>\n<link rel=\"canonical\" href=\"https:\/\/cvx.vc\/mine-events\/\" \/>\n<meta property=\"og:locale\" content=\"nb_NO\" \/>\n<meta property=\"og:type\" content=\"article\" \/>\n<meta property=\"og:title\" content=\"Begivenhet\" \/>\n<meta property=\"og:description\" content=\"CVX arrangerer jevnlig arrangementer for \u00e5 presentere sakene v\u00e5re. Her kan du lese om v\u00e5re kommende m\u00f8ter og hvordan du registrerer deg.\" \/>\n<meta property=\"og:url\" content=\"https:\/\/cvx.vc\/mine-events\/\" \/>\n<meta property=\"og:site_name\" content=\"CVX Ventures\" \/>\n<meta property=\"article:publisher\" content=\"https:\/\/www.facebook.com\/cvxventures\/\" \/>\n<meta property=\"article:modified_time\" content=\"2024-03-05T13:26:21+00:00\" \/>\n<meta name=\"twitter:card\" content=\"summary_large_image\" \/>\n<meta name=\"twitter:label1\" content=\"Ansl. lesetid\" \/>\n\t<meta name=\"twitter:data1\" content=\"1 minutt\" \/>\n<script type=\"application\/ld+json\" class=\"yoast-schema-graph\">{\"@context\":\"https:\/\/schema.org\",\"@graph\":[{\"@type\":\"WebPage\",\"@id\":\"https:\/\/cvx.vc\/mine-events\/\",\"url\":\"https:\/\/cvx.vc\/mine-events\/\",\"name\":\"Begivenhet | CVX Ventures\",\"isPartOf\":{\"@id\":\"https:\/\/cvx.vc\/da\/#website\"},\"datePublished\":\"2023-07-11T11:20:37+00:00\",\"dateModified\":\"2024-03-05T13:26:21+00:00\",\"description\":\"CVX arrangerer jevnlig arrangementer for \u00e5 presentere sakene v\u00e5re. Her kan du lese om v\u00e5re kommende m\u00f8ter og hvordan du registrerer deg.\",\"breadcrumb\":{\"@id\":\"https:\/\/cvx.vc\/mine-events\/#breadcrumb\"},\"inLanguage\":\"nb-NO\",\"potentialAction\":[{\"@type\":\"ReadAction\",\"target\":[\"https:\/\/cvx.vc\/mine-events\/\"]}]},{\"@type\":\"BreadcrumbList\",\"@id\":\"https:\/\/cvx.vc\/mine-events\/#breadcrumb\",\"itemListElement\":[{\"@type\":\"ListItem\",\"position\":1,\"name\":\"Hjem\",\"item\":\"https:\/\/cvx.vc\/\"},{\"@type\":\"ListItem\",\"position\":2,\"name\":\"Begivenhet\"}]},{\"@type\":\"WebSite\",\"@id\":\"https:\/\/cvx.vc\/da\/#website\",\"url\":\"https:\/\/cvx.vc\/da\/\",\"name\":\"CVX Ventures\",\"description\":\"Vi investerer i Danmarks mest lovende v\u00e6kstvirksomheder\",\"publisher\":{\"@id\":\"https:\/\/cvx.vc\/da\/#organization\"},\"potentialAction\":[{\"@type\":\"SearchAction\",\"target\":{\"@type\":\"EntryPoint\",\"urlTemplate\":\"https:\/\/cvx.vc\/da\/?s={search_term_string}\"},\"query-input\":{\"@type\":\"PropertyValueSpecification\",\"valueRequired\":true,\"valueName\":\"search_term_string\"}}],\"inLanguage\":\"nb-NO\"},{\"@type\":\"Organization\",\"@id\":\"https:\/\/cvx.vc\/da\/#organization\",\"name\":\"CVX Ventures | Danmarks mest v\u00e6rdiskabende investor\",\"url\":\"https:\/\/cvx.vc\/da\/\",\"logo\":{\"@type\":\"ImageObject\",\"inLanguage\":\"nb-NO\",\"@id\":\"https:\/\/cvx.vc\/da\/#\/schema\/logo\/image\/\",\"url\":\"https:\/\/cvx.vc\/wp-content\/uploads\/2022\/08\/Group-241.svg\",\"contentUrl\":\"https:\/\/cvx.vc\/wp-content\/uploads\/2022\/08\/Group-241.svg\",\"width\":827,\"height\":394,\"caption\":\"CVX Ventures | Danmarks mest v\u00e6rdiskabende investor\"},\"image\":{\"@id\":\"https:\/\/cvx.vc\/da\/#\/schema\/logo\/image\/\"},\"sameAs\":[\"https:\/\/www.facebook.com\/cvxventures\/\",\"https:\/\/www.linkedin.com\/company\/cvxventures\/\"]}]}<\/script>\n<!-- \/ Yoast SEO Premium plugin. -->","yoast_head_json":{"title":"Begivenhet | CVX Ventures","description":"CVX arrangerer jevnlig arrangementer for \u00e5 presentere sakene v\u00e5re. Her kan du lese om v\u00e5re kommende m\u00f8ter og hvordan du registrerer deg.","robots":{"index":"index","follow":"follow","max-snippet":"max-snippet:-1","max-image-preview":"max-image-preview:large","max-video-preview":"max-video-preview:-1"},"canonical":"https:\/\/cvx.vc\/mine-events\/","og_locale":"nb_NO","og_type":"article","og_title":"Begivenhet","og_description":"CVX arrangerer jevnlig arrangementer for \u00e5 presentere sakene v\u00e5re. Her kan du lese om v\u00e5re kommende m\u00f8ter og hvordan du registrerer deg.","og_url":"https:\/\/cvx.vc\/mine-events\/","og_site_name":"CVX Ventures","article_publisher":"https:\/\/www.facebook.com\/cvxventures\/","article_modified_time":"2024-03-05T13:26:21+00:00","twitter_card":"summary_large_image","twitter_misc":{"Ansl. lesetid":"1 minutt"},"schema":{"@context":"https:\/\/schema.org","@graph":[{"@type":"WebPage","@id":"https:\/\/cvx.vc\/mine-events\/","url":"https:\/\/cvx.vc\/mine-events\/","name":"Begivenhet | CVX Ventures","isPartOf":{"@id":"https:\/\/cvx.vc\/da\/#website"},"datePublished":"2023-07-11T11:20:37+00:00","dateModified":"2024-03-05T13:26:21+00:00","description":"CVX arrangerer jevnlig arrangementer for \u00e5 presentere sakene v\u00e5re. Her kan du lese om v\u00e5re kommende m\u00f8ter og hvordan du registrerer deg.","breadcrumb":{"@id":"https:\/\/cvx.vc\/mine-events\/#breadcrumb"},"inLanguage":"nb-NO","potentialAction":[{"@type":"ReadAction","target":["https:\/\/cvx.vc\/mine-events\/"]}]},{"@type":"BreadcrumbList","@id":"https:\/\/cvx.vc\/mine-events\/#breadcrumb","itemListElement":[{"@type":"ListItem","position":1,"name":"Hjem","item":"https:\/\/cvx.vc\/"},{"@type":"ListItem","position":2,"name":"Begivenhet"}]},{"@type":"WebSite","@id":"https:\/\/cvx.vc\/da\/#website","url":"https:\/\/cvx.vc\/da\/","name":"CVX Ventures","description":"Vi investerer i Danmarks mest lovende v\u00e6kstvirksomheder","publisher":{"@id":"https:\/\/cvx.vc\/da\/#organization"},"potentialAction":[{"@type":"SearchAction","target":{"@type":"EntryPoint","urlTemplate":"https:\/\/cvx.vc\/da\/?s={search_term_string}"},"query-input":{"@type":"PropertyValueSpecification","valueRequired":true,"valueName":"search_term_string"}}],"inLanguage":"nb-NO"},{"@type":"Organization","@id":"https:\/\/cvx.vc\/da\/#organization","name":"CVX Ventures | Danmarks mest v\u00e6rdiskabende investor","url":"https:\/\/cvx.vc\/da\/","logo":{"@type":"ImageObject","inLanguage":"nb-NO","@id":"https:\/\/cvx.vc\/da\/#\/schema\/logo\/image\/","url":"https:\/\/cvx.vc\/wp-content\/uploads\/2022\/08\/Group-241.svg","contentUrl":"https:\/\/cvx.vc\/wp-content\/uploads\/2022\/08\/Group-241.svg","width":827,"height":394,"caption":"CVX Ventures | Danmarks mest v\u00e6rdiskabende investor"},"image":{"@id":"https:\/\/cvx.vc\/da\/#\/schema\/logo\/image\/"},"sameAs":["https:\/\/www.facebook.com\/cvxventures\/","https:\/\/www.linkedin.com\/company\/cvxventures\/"]}]}},"_links":{"self":[{"href":"https:\/\/cvx.vc\/no\/wp-json\/wp\/v2\/pages\/37691"}],"collection":[{"href":"https:\/\/cvx.vc\/no\/wp-json\/wp\/v2\/pages"}],"about":[{"href":"https:\/\/cvx.vc\/no\/wp-json\/wp\/v2\/types\/page"}],"author":[{"embeddable":true,"href":"https:\/\/cvx.vc\/no\/wp-json\/wp\/v2\/users\/25"}],"replies":[{"embeddable":true,"href":"https:\/\/cvx.vc\/no\/wp-json\/wp\/v2\/comments?post=37691"}],"version-history":[{"count":4,"href":"https:\/\/cvx.vc\/no\/wp-json\/wp\/v2\/pages\/37691\/revisions"}],"predecessor-version":[{"id":37698,"href":"https:\/\/cvx.vc\/no\/wp-json\/wp\/v2\/pages\/37691\/revisions\/37698"}],"wp:attachment":[{"href":"https:\/\/cvx.vc\/no\/wp-json\/wp\/v2\/media?parent=37691"}],"curies":[{"name":"wp","href":"https:\/\/api.w.org\/{rel}","templated":true}]}}