{"id":8171,"date":"2021-09-10T08:22:42","date_gmt":"2021-09-10T08:22:42","guid":{"rendered":"http:\/\/cvx.vc\/?page_id=8171"},"modified":"2021-09-10T08:22:42","modified_gmt":"2021-09-10T08:22:42","slug":"privatlivspolitik","status":"publish","type":"page","link":"https:\/\/cvx.vc\/da\/privatlivspolitik\/","title":{"rendered":"Privatlivspolitik"},"content":{"rendered":"\t\t<div data-elementor-type=\"wp-post\" data-elementor-id=\"8171\" class=\"elementor elementor-8171\" data-elementor-post-type=\"page\">\n\t\t\t\t\t\t<section class=\"elementor-section elementor-top-section elementor-element elementor-element-afd1cf5 elementor-section-stretched elementor-section-full_width elementor-section-height-min-height elementor-section-height-default elementor-section-items-middle\" data-id=\"afd1cf5\" data-element_type=\"section\" data-settings=\"{&quot;stretch_section&quot;:&quot;section-stretched&quot;,&quot;background_background&quot;:&quot;classic&quot;}\">\n\t\t\t\t\t\t\t<div class=\"elementor-background-overlay\"><\/div>\n\t\t\t\t\t\t\t<div class=\"elementor-container elementor-column-gap-default\">\n\t\t\t\t\t<div class=\"elementor-column elementor-col-100 elementor-top-column elementor-element elementor-element-c30791e\" data-id=\"c30791e\" data-element_type=\"column\" data-settings=\"{&quot;background_background&quot;:&quot;slideshow&quot;,&quot;background_slideshow_gallery&quot;:[],&quot;background_slideshow_loop&quot;:&quot;yes&quot;,&quot;background_slideshow_slide_duration&quot;:5000,&quot;background_slideshow_slide_transition&quot;:&quot;fade&quot;,&quot;background_slideshow_transition_duration&quot;:500}\">\n\t\t\t<div class=\"elementor-widget-wrap elementor-element-populated\">\n\t\t\t\t\t\t<section class=\"elementor-section elementor-inner-section elementor-element elementor-element-6a00e40 elementor-section-boxed elementor-section-height-default elementor-section-height-default\" data-id=\"6a00e40\" data-element_type=\"section\">\n\t\t\t\t\t\t<div class=\"elementor-container elementor-column-gap-default\">\n\t\t\t\t\t<div class=\"elementor-column elementor-col-100 elementor-inner-column elementor-element elementor-element-7f00c1a\" data-id=\"7f00c1a\" data-element_type=\"column\">\n\t\t\t<div class=\"elementor-widget-wrap elementor-element-populated\">\n\t\t\t\t\t\t<div class=\"elementor-element elementor-element-40cf14a elementor-widget elementor-widget-heading\" data-id=\"40cf14a\" data-element_type=\"widget\" data-widget_type=\"heading.default\">\n\t\t\t\t<div class=\"elementor-widget-container\">\n\t\t\t<h2 class=\"elementor-heading-title elementor-size-default\">Privatlivspolitik<\/h2>\t\t<\/div>\n\t\t\t\t<\/div>\n\t\t\t\t<div class=\"elementor-element elementor-element-565c69d elementor-widget elementor-widget-text-editor\" data-id=\"565c69d\" data-element_type=\"widget\" data-widget_type=\"text-editor.default\">\n\t\t\t\t<div class=\"elementor-widget-container\">\n\t\t\t\t\t\t\t<p style=\"text-align: center\">Her p\u00e5 siden holder vi vores mest opdaterede forretningsbetingelser for partnere. Du kan&nbsp;l\u00e6se vores privatlivspolitik p\u00e5 engelsk <strong><a href=\"http:\/\/cvx.vc\/privacy-policy\/\">her<\/a><\/strong>.<\/p>\n<p style=\"text-align: center\">Latest update:&nbsp;<strong>9\/9\/2021<\/strong><\/p>\t\t\t\t\t\t<\/div>\n\t\t\t\t<\/div>\n\t\t\t\t\t<\/div>\n\t\t<\/div>\n\t\t\t\t\t<\/div>\n\t\t<\/section>\n\t\t\t\t\t<\/div>\n\t\t<\/div>\n\t\t\t\t\t<\/div>\n\t\t<\/section>\n\t\t\t\t<section class=\"elementor-section elementor-top-section elementor-element elementor-element-8905c24 elementor-section-boxed elementor-section-height-default elementor-section-height-default\" data-id=\"8905c24\" data-element_type=\"section\" data-settings=\"{&quot;background_background&quot;:&quot;classic&quot;}\">\n\t\t\t\t\t\t<div class=\"elementor-container elementor-column-gap-default\">\n\t\t\t\t\t<div class=\"elementor-column elementor-col-100 elementor-top-column elementor-element elementor-element-310301f\" data-id=\"310301f\" data-element_type=\"column\">\n\t\t\t<div class=\"elementor-widget-wrap elementor-element-populated\">\n\t\t\t\t\t\t<div class=\"elementor-element elementor-element-ebcbba5 elementor-widget elementor-widget-text-editor\" data-id=\"ebcbba5\" data-element_type=\"widget\" data-widget_type=\"text-editor.default\">\n\t\t\t\t<div class=\"elementor-widget-container\">\n\t\t\t\t\t\t\t<p><em><span style=\"font-size: inherit;text-align: inherit;font-family: var( --e-global-typography-text-font-family ), Sans-serif;letter-spacing: -0.015em\">Ikrafttr\u00e6delsesdato: 10. september 2021<\/span><\/em><\/p><p>CVX (&#8220;os&#8221;, &#8220;vi&#8221; eller &#8220;vores&#8221;) driver www.cvx.vc webstedet (&#8220;Tjenesten&#8221;).<\/p><p>Denne side har til hensigt at informere dig om vores politikker ang\u00e5ende indsamlingen, brugen og gennemsigtigheden af personlig data n\u00e5r du bruger vores Tjeneste og de valg du har forbundet med den data.<\/p><p>Vi bruger din data til at udbyde og forbedre Tjenesten. Ved at bruge Tjenesten accepterer du indsamlingen og brugrn af oplysninger i overensstemmelse med denne politik. Medmindre andet er preciseret i denne Privatlivspolitik, har ord, der bruges\u00a0 samme betydninger som i vores Forretningsbetingelser, der er tilg\u00e6ngelige fra www.cvx.vc.<\/p><h4>Information vi samler og bruger\u00a0<\/h4><p>Vi samler et antal af forskeligge typer af information af forskelige grunde for at udbyde og forbedre vores tjeneste til dig.\u00a0<\/p><h5>Typer af data vi samler\u00a0<\/h5><p><strong>Personlig data\u00a0<\/strong><\/p><p>Imens du bruger vores service, kan vi bede dig om at give os visse personligt identificerbare oplysninger, der kan bruges til at kontakte eller identificere dig (&#8220;personlige data&#8221;). Personligt identificerbare oplysninger kan omfatte, men er ikke begr\u00e6nset til:<\/p><p>\u2013 Email adresse<\/p><p>\u2013 Fornavn og Efternavn\u00a0<\/p><p>\u2013 Telefon nummer\u00a0<\/p><p>\u2013 Adresse, stat, provins, Post nummer, By\u00a0<\/p><p>\u2013 Cookies og Brugsdata\u00a0<\/p><p>\u2013 Brugsdata<\/p><p>Vi kan ogs\u00e5 indsamle oplysninger om, hvordan tjenesten er tilg\u00e5et og brugt (&#8220;brugsdata&#8221;). Brugsdata kan omfatte oplysninger som din computers internet protokol-adresse (f.eks. IP -adresse), browsertype, browserversion, hvilke sider i vores Service du bes\u00f8ger, tidspunktet og datoen for dit bes\u00f8g, den tid der er brugt p\u00e5 disse sider, unik enhedsidentifikatorer og andre diagnostiske data.<\/p><p><strong>Sporings og cookiedata<\/strong><\/p><p>Vi bruger cookies og lignende sporingsteknologier til at spore aktiviteten p\u00e5 vores Service og gemme visse oplysninger.<\/p><p>Cookies er filer med en lille m\u00e6ngde data, der kan indeholde en anonym unik identifikator. Cookies sendes til din browser fra et websted og gemmes p\u00e5 din enhed. Sporingsteknologier der bruges er \u201cbeacons\u201d, \u201ctags\u201d og \u201cscripts\u201d til at indsamle og spore oplysninger og til at forbedre og analysere vores service.<\/p><p>Du kan instruere din browser til at n\u00e6gte alle cookies eller angive hvorn\u00e5r en cookie sendes. Men hvis du ikke accepterer cookies, kan du m\u00e5ske ikke bruge dele af vores tjeneste.<\/p><p>Eksempler p\u00e5 cookies, vi bruger:<\/p><p>Session Cookies. Vi bruger sessionscookies til at betjene vores tjeneste.<\/p><p>Pr\u00e6ference-cookies. Vi bruger pr\u00e6ferencecookies til at huske dine pr\u00e6ferencer og forskellige indstillinger..<\/p><p>Sikkerhedscookies. Vi bruger sikkerhedscookies af sikkerhedsm\u00e6ssige \u00e5rsager.<\/p><h5>Brug af Data<\/h5><p>CVX bruger den indsamlede data til forskelige form\u00e5l, bl.a:<\/p><p>\u2013 Til at udbyde og forbedre Tjenesten\u00a0<\/p><p>\u2013 Til at underrette dig om \u00e6ndringer i vores service<\/p><p>\u2013 Til at give dig mulighed for at deltage i interaktive funktioner i vores service<\/p><p>\u2013 Til at yde kundeservice og support<\/p><p>\u2013 Til at levere analyser eller v\u00e6rdifulde oplysninger, s\u00e5 vi kan forbedre tjenesten<\/p><p>\u2013 Til at observere brugen af tjenesten<\/p><p>\u2013 Til at opdage, forhindre og l\u00f8se tekniske problemer<\/p><p>\u2013 Overf\u00f8rsel af Data<\/p><p>\u2013 Dine oplysninger, herunder personoplysninger, kan blive overf\u00f8rt til &#8211; og vedligeholdt &#8211; computere placeret uden for din stat, provins, land eller anden offentlig myndighed, hvor databeskyttelseslovene kan afvige fra dem fra din myndighed<\/p><p>Hvis du befinder dig uden for Danmark og v\u00e6lger at give os oplysninger, skal du v\u00e6re opm\u00e6rksom p\u00e5, at vi overf\u00f8rer dataene, herunder personoplysninger, til Danmark og behandler dem der.<\/p><p>Dit samtykke til denne Privatlivspolitik efterfulgt af din indsendelse af s\u00e5danne oplysninger repr\u00e6senterer din accept til denne overf\u00f8rsel.<\/p><p>CVX tager alle n\u00f8dvendige skridt for at sikre, at dine data behandles sikkert og i overensstemmelse med denne Privatlivspolitik, og ingen overf\u00f8rsel af dine personoplysninger vil finde sted til en organisation eller et land, medmindre der er tilstr\u00e6kkelig kontrol, herunder sikkerheden for dine data og andre personlige oplysninger.<\/p><h4>Videregivelse af data<\/h4><h5><strong>Lovkrav<\/strong><\/h5><p>CVX kan videregive dine personoplysninger i god tro p\u00e5, at en s\u00e5dan handling er n\u00f8dvendig for at:<\/p><p>\u2013 For At overholde en juridisk forpligtelse<\/p><p>\u2013 For at beskytte og forsvare rettigheder eller ejendom tilh\u00f8rende CVX<\/p><p>\u2013 For at forhindre eller unders\u00f8ge en mulig uoverensstemmelse i forbindelse med Tjenesten<\/p><p>\u2013 For at beskytte den personlige sikkerhed hos brugerene af tjenesten eller offentligheden<\/p><p>\u2013 For at beskytte mod juridisk ansvar<\/p><p>\u2013 Datasikkerhed\u00a0<\/p><p>\u2013 Sikkerheden for din data er vigtig for os, men husk, at ingen overf\u00f8rselsmetode over internettet eller elektronisk lagringsmetode er 100% sikker. Selvom vi bestr\u00e6ber os p\u00e5 at bruge kommercielt acceptable midler til at beskytte din personlige data, kan vi ikke garantere deres absolutte sikkerhed.<\/p><h5>Tjeneste-udbydere\u00a0<\/h5><p>Vi forbeholder retten til at ans\u00e6tte tredjepartsvirksomheder og enkeltpersoner til at lette vores service (&#8220;Tjeneste-udbydere&#8221;), til at levere tjenesten p\u00e5 vores vegne, til at udf\u00f8re service-relaterede tjenester eller til at hj\u00e6lpe os med at analysere, hvordan vores service bruges.<\/p><p>Disse tredjeparter har kun adgang til din personlige data for at udf\u00f8re disse opgaver p\u00e5 vores vegne og er forpligtet til ikke at videregive eller bruge dem til andre form\u00e5l.<\/p><h5><strong>Links til andre websteder<\/strong><\/h5><p>Vores service kan indeholde links til andre websteder, der ikke drives af os. Hvis du klikker p\u00e5 et tredjepartslink, bliver du dirigeret til denne tredjeparts websted. Vi r\u00e5der dig kraftigt til at gennemg\u00e5 Privatlivspolitiken for hvert websted, du bes\u00f8ger.<\/p><p>Vi har ingen kontrol over og p\u00e5tager os intet ansvar for indhold, politikker til beskyttelse af personlige oplysninger eller praksis p\u00e5 tredjepartswebsteder eller tjenester.<\/p><h4>B\u00f8rns fortrolighed\u00a0<\/h4><p>Vores service henvender sig ikke til nogen under 18 \u00e5r (\u201cb\u00f8rn\u201d).<\/p><p>Vi indsamler ikke bevidst personlige identificerbare oplysninger fra nogen under 18 \u00e5r. Hvis du er for\u00e6lder eller v\u00e6rge, og du ved, at dine b\u00f8rn har givet os personlig data, bedes du kontakte os. Hvis vi finder ud af, at vi har indsamlet personlig data fra b\u00f8rn uden verifikation af for\u00e6ldrenes samtykke, tager vi skridt til at fjerne disse oplysninger fra vores servere.<\/p><h4>\u00c6ndringer af denne Privatlivspolitik<\/h4><p>Vi opdaterer m\u00e5ske vores Privatlivspolitik fra tid til anden. Vi giver dig besked om eventuelle \u00e6ndringer ved at offentligg\u00f8re den nye Privatlivspolitik p\u00e5 denne side.<\/p><p>Vi giver dig besked via e -mail og\/eller en fremtr\u00e6dende meddelelse om vores service, inden \u00e6ndringen tr\u00e6der i kraft, og opdaterer &#8220;ikrafttr\u00e6delsesdatoen&#8221; \u00f8verst i denne Privatlivspolitik.<\/p><p>Du r\u00e5des til at gennemg\u00e5 denne Privatlivspolitik regelm\u00e6ssigt for eventuelle \u00e6ndringer. \u00c6ndringer af dennePrivatlivspolitik er effektive, n\u00e5r de offentligg\u00f8res p\u00e5 denne side.<\/p><h4>Kontakt os:<\/h4><p>Hvis du har sp\u00f8rgsm\u00e5l til denne Privatlivspolitik, bedes du kontakte os:<\/p><p>Ved e -mail: info@cvx.vc<\/p><p>Ved telefonnummer: (+45) 9394 9469<\/p>\t\t\t\t\t\t<\/div>\n\t\t\t\t<\/div>\n\t\t\t\t\t<\/div>\n\t\t<\/div>\n\t\t\t\t\t<\/div>\n\t\t<\/section>\n\t\t\t\t<\/div>\n\t\t","protected":false},"excerpt":{"rendered":"<p>Privatlivspolitik Her p\u00e5 siden holder vi vores mest opdaterede forretningsbetingelser for partnere. Du kan&nbsp;l\u00e6se vores privatlivspolitik p\u00e5 engelsk her. Latest update:&nbsp;9\/9\/2021 Ikrafttr\u00e6delsesdato: 10. september 2021 CVX (&#8220;os&#8221;, &#8220;vi&#8221; eller &#8220;vores&#8221;) driver www.cvx.vc webstedet (&#8220;Tjenesten&#8221;). Denne side har til hensigt at informere dig om vores politikker ang\u00e5ende indsamlingen, brugen og gennemsigtigheden af personlig data n\u00e5r du [&hellip;]<\/p>\n","protected":false},"author":25,"featured_media":0,"parent":0,"menu_order":0,"comment_status":"closed","ping_status":"closed","template":"elementor_header_footer","meta":{"site-sidebar-layout":"default","site-content-layout":"","ast-site-content-layout":"","site-content-style":"default","site-sidebar-style":"default","ast-global-header-display":"","ast-banner-title-visibility":"","ast-main-header-display":"","ast-hfb-above-header-display":"","ast-hfb-below-header-display":"","ast-hfb-mobile-header-display":"","site-post-title":"","ast-breadcrumbs-content":"","ast-featured-img":"","footer-sml-layout":"","theme-transparent-header-meta":"","adv-header-id-meta":"","stick-header-meta":"","header-above-stick-meta":"","header-main-stick-meta":"","header-below-stick-meta":"","astra-migrate-meta-layouts":"default","ast-page-background-enabled":"default","ast-page-background-meta":{"desktop":{"background-color":"","background-image":"","background-repeat":"repeat","background-position":"center center","background-size":"auto","background-attachment":"scroll","background-type":"","background-media":"","overlay-type":"","overlay-color":"","overlay-gradient":""},"tablet":{"background-color":"","background-image":"","background-repeat":"repeat","background-position":"center center","background-size":"auto","background-attachment":"scroll","background-type":"","background-media":"","overlay-type":"","overlay-color":"","overlay-gradient":""},"mobile":{"background-color":"","background-image":"","background-repeat":"repeat","background-position":"center center","background-size":"auto","background-attachment":"scroll","background-type":"","background-media":"","overlay-type":"","overlay-color":"","overlay-gradient":""}},"ast-content-background-meta":{"desktop":{"background-color":"var(--ast-global-color-5)","background-image":"","background-repeat":"repeat","background-position":"center center","background-size":"auto","background-attachment":"scroll","background-type":"","background-media":"","overlay-type":"","overlay-color":"","overlay-gradient":""},"tablet":{"background-color":"var(--ast-global-color-5)","background-image":"","background-repeat":"repeat","background-position":"center center","background-size":"auto","background-attachment":"scroll","background-type":"","background-media":"","overlay-type":"","overlay-color":"","overlay-gradient":""},"mobile":{"background-color":"var(--ast-global-color-5)","background-image":"","background-repeat":"repeat","background-position":"center center","background-size":"auto","background-attachment":"scroll","background-type":"","background-media":"","overlay-type":"","overlay-color":"","overlay-gradient":""}},"footnotes":""},"yoast_head":"<!-- This site is optimized with the Yoast SEO Premium plugin v22.4 (Yoast SEO v23.5) - https:\/\/yoast.com\/wordpress\/plugins\/seo\/ -->\n<title>Privatlivspolitik | CVX Ventures<\/title>\n<meta name=\"robots\" content=\"index, follow, max-snippet:-1, max-image-preview:large, max-video-preview:-1\" \/>\n<link rel=\"canonical\" href=\"https:\/\/cvx.vc\/da\/privatlivspolitik\/\" \/>\n<meta property=\"og:locale\" content=\"da_DK\" \/>\n<meta property=\"og:type\" content=\"article\" \/>\n<meta property=\"og:title\" content=\"Privatlivspolitik\" \/>\n<meta property=\"og:description\" content=\"Privatlivspolitik Her p\u00e5 siden holder vi vores mest opdaterede forretningsbetingelser for partnere. Du kan&nbsp;l\u00e6se vores privatlivspolitik p\u00e5 engelsk her. Latest update:&nbsp;9\/9\/2021 Ikrafttr\u00e6delsesdato: 10. september 2021 CVX (&#8220;os&#8221;, &#8220;vi&#8221; eller &#8220;vores&#8221;) driver www.cvx.vc webstedet (&#8220;Tjenesten&#8221;). Denne side har til hensigt at informere dig om vores politikker ang\u00e5ende indsamlingen, brugen og gennemsigtigheden af personlig data n\u00e5r du [&hellip;]\" \/>\n<meta property=\"og:url\" content=\"https:\/\/cvx.vc\/da\/privatlivspolitik\/\" \/>\n<meta property=\"og:site_name\" content=\"CVX Ventures\" \/>\n<meta property=\"article:publisher\" content=\"https:\/\/www.facebook.com\/cvxventures\/\" \/>\n<meta name=\"twitter:card\" content=\"summary_large_image\" \/>\n<meta name=\"twitter:label1\" content=\"Estimeret l\u00e6setid\" \/>\n\t<meta name=\"twitter:data1\" content=\"5 minutter\" \/>\n<script type=\"application\/ld+json\" class=\"yoast-schema-graph\">{\"@context\":\"https:\/\/schema.org\",\"@graph\":[{\"@type\":\"WebPage\",\"@id\":\"https:\/\/cvx.vc\/da\/privatlivspolitik\/\",\"url\":\"https:\/\/cvx.vc\/da\/privatlivspolitik\/\",\"name\":\"Privatlivspolitik | CVX Ventures\",\"isPartOf\":{\"@id\":\"https:\/\/cvx.vc\/da\/#website\"},\"datePublished\":\"2021-09-10T08:22:42+00:00\",\"dateModified\":\"2021-09-10T08:22:42+00:00\",\"breadcrumb\":{\"@id\":\"https:\/\/cvx.vc\/da\/privatlivspolitik\/#breadcrumb\"},\"inLanguage\":\"da-DK\",\"potentialAction\":[{\"@type\":\"ReadAction\",\"target\":[\"https:\/\/cvx.vc\/da\/privatlivspolitik\/\"]}]},{\"@type\":\"BreadcrumbList\",\"@id\":\"https:\/\/cvx.vc\/da\/privatlivspolitik\/#breadcrumb\",\"itemListElement\":[{\"@type\":\"ListItem\",\"position\":1,\"name\":\"Hjem\",\"item\":\"https:\/\/cvx.vc\/\"},{\"@type\":\"ListItem\",\"position\":2,\"name\":\"Privatlivspolitik\"}]},{\"@type\":\"WebSite\",\"@id\":\"https:\/\/cvx.vc\/da\/#website\",\"url\":\"https:\/\/cvx.vc\/da\/\",\"name\":\"CVX Ventures\",\"description\":\"Vi investerer i Danmarks mest lovende v\u00e6kstvirksomheder\",\"publisher\":{\"@id\":\"https:\/\/cvx.vc\/da\/#organization\"},\"potentialAction\":[{\"@type\":\"SearchAction\",\"target\":{\"@type\":\"EntryPoint\",\"urlTemplate\":\"https:\/\/cvx.vc\/da\/?s={search_term_string}\"},\"query-input\":{\"@type\":\"PropertyValueSpecification\",\"valueRequired\":true,\"valueName\":\"search_term_string\"}}],\"inLanguage\":\"da-DK\"},{\"@type\":\"Organization\",\"@id\":\"https:\/\/cvx.vc\/da\/#organization\",\"name\":\"CVX Ventures | Danmarks mest v\u00e6rdiskabende investor\",\"url\":\"https:\/\/cvx.vc\/da\/\",\"logo\":{\"@type\":\"ImageObject\",\"inLanguage\":\"da-DK\",\"@id\":\"https:\/\/cvx.vc\/da\/#\/schema\/logo\/image\/\",\"url\":\"https:\/\/cvx.vc\/wp-content\/uploads\/2022\/08\/Group-241.svg\",\"contentUrl\":\"https:\/\/cvx.vc\/wp-content\/uploads\/2022\/08\/Group-241.svg\",\"width\":827,\"height\":394,\"caption\":\"CVX Ventures | Danmarks mest v\u00e6rdiskabende investor\"},\"image\":{\"@id\":\"https:\/\/cvx.vc\/da\/#\/schema\/logo\/image\/\"},\"sameAs\":[\"https:\/\/www.facebook.com\/cvxventures\/\",\"https:\/\/www.linkedin.com\/company\/cvxventures\/\"]}]}<\/script>\n<!-- \/ Yoast SEO Premium plugin. -->","yoast_head_json":{"title":"Privatlivspolitik | CVX Ventures","robots":{"index":"index","follow":"follow","max-snippet":"max-snippet:-1","max-image-preview":"max-image-preview:large","max-video-preview":"max-video-preview:-1"},"canonical":"https:\/\/cvx.vc\/da\/privatlivspolitik\/","og_locale":"da_DK","og_type":"article","og_title":"Privatlivspolitik","og_description":"Privatlivspolitik Her p\u00e5 siden holder vi vores mest opdaterede forretningsbetingelser for partnere. Du kan&nbsp;l\u00e6se vores privatlivspolitik p\u00e5 engelsk her. Latest update:&nbsp;9\/9\/2021 Ikrafttr\u00e6delsesdato: 10. september 2021 CVX (&#8220;os&#8221;, &#8220;vi&#8221; eller &#8220;vores&#8221;) driver www.cvx.vc webstedet (&#8220;Tjenesten&#8221;). Denne side har til hensigt at informere dig om vores politikker ang\u00e5ende indsamlingen, brugen og gennemsigtigheden af personlig data n\u00e5r du [&hellip;]","og_url":"https:\/\/cvx.vc\/da\/privatlivspolitik\/","og_site_name":"CVX Ventures","article_publisher":"https:\/\/www.facebook.com\/cvxventures\/","twitter_card":"summary_large_image","twitter_misc":{"Estimeret l\u00e6setid":"5 minutter"},"schema":{"@context":"https:\/\/schema.org","@graph":[{"@type":"WebPage","@id":"https:\/\/cvx.vc\/da\/privatlivspolitik\/","url":"https:\/\/cvx.vc\/da\/privatlivspolitik\/","name":"Privatlivspolitik | CVX Ventures","isPartOf":{"@id":"https:\/\/cvx.vc\/da\/#website"},"datePublished":"2021-09-10T08:22:42+00:00","dateModified":"2021-09-10T08:22:42+00:00","breadcrumb":{"@id":"https:\/\/cvx.vc\/da\/privatlivspolitik\/#breadcrumb"},"inLanguage":"da-DK","potentialAction":[{"@type":"ReadAction","target":["https:\/\/cvx.vc\/da\/privatlivspolitik\/"]}]},{"@type":"BreadcrumbList","@id":"https:\/\/cvx.vc\/da\/privatlivspolitik\/#breadcrumb","itemListElement":[{"@type":"ListItem","position":1,"name":"Hjem","item":"https:\/\/cvx.vc\/"},{"@type":"ListItem","position":2,"name":"Privatlivspolitik"}]},{"@type":"WebSite","@id":"https:\/\/cvx.vc\/da\/#website","url":"https:\/\/cvx.vc\/da\/","name":"CVX Ventures","description":"Vi investerer i Danmarks mest lovende v\u00e6kstvirksomheder","publisher":{"@id":"https:\/\/cvx.vc\/da\/#organization"},"potentialAction":[{"@type":"SearchAction","target":{"@type":"EntryPoint","urlTemplate":"https:\/\/cvx.vc\/da\/?s={search_term_string}"},"query-input":{"@type":"PropertyValueSpecification","valueRequired":true,"valueName":"search_term_string"}}],"inLanguage":"da-DK"},{"@type":"Organization","@id":"https:\/\/cvx.vc\/da\/#organization","name":"CVX Ventures | Danmarks mest v\u00e6rdiskabende investor","url":"https:\/\/cvx.vc\/da\/","logo":{"@type":"ImageObject","inLanguage":"da-DK","@id":"https:\/\/cvx.vc\/da\/#\/schema\/logo\/image\/","url":"https:\/\/cvx.vc\/wp-content\/uploads\/2022\/08\/Group-241.svg","contentUrl":"https:\/\/cvx.vc\/wp-content\/uploads\/2022\/08\/Group-241.svg","width":827,"height":394,"caption":"CVX Ventures | Danmarks mest v\u00e6rdiskabende investor"},"image":{"@id":"https:\/\/cvx.vc\/da\/#\/schema\/logo\/image\/"},"sameAs":["https:\/\/www.facebook.com\/cvxventures\/","https:\/\/www.linkedin.com\/company\/cvxventures\/"]}]}},"_links":{"self":[{"href":"https:\/\/cvx.vc\/da\/wp-json\/wp\/v2\/pages\/8171"}],"collection":[{"href":"https:\/\/cvx.vc\/da\/wp-json\/wp\/v2\/pages"}],"about":[{"href":"https:\/\/cvx.vc\/da\/wp-json\/wp\/v2\/types\/page"}],"author":[{"embeddable":true,"href":"https:\/\/cvx.vc\/da\/wp-json\/wp\/v2\/users\/25"}],"replies":[{"embeddable":true,"href":"https:\/\/cvx.vc\/da\/wp-json\/wp\/v2\/comments?post=8171"}],"version-history":[{"count":0,"href":"https:\/\/cvx.vc\/da\/wp-json\/wp\/v2\/pages\/8171\/revisions"}],"wp:attachment":[{"href":"https:\/\/cvx.vc\/da\/wp-json\/wp\/v2\/media?parent=8171"}],"curies":[{"name":"wp","href":"https:\/\/api.w.org\/{rel}","templated":true}]}}