{"id":29067,"date":"2024-01-12T09:55:05","date_gmt":"2024-01-12T09:55:05","guid":{"rendered":"https:\/\/cvx.vc\/?page_id=29067"},"modified":"2024-04-04T08:09:21","modified_gmt":"2024-04-04T08:09:21","slug":"stella-blicher","status":"publish","type":"page","link":"https:\/\/cvx.vc\/da\/om-os\/stella-blicher\/","title":{"rendered":"Stella Blicher | CVX Ventures"},"content":{"rendered":"\t\t<div data-elementor-type=\"wp-page\" data-elementor-id=\"29067\" class=\"elementor elementor-29067\" data-elementor-post-type=\"page\">\n\t\t\t\t\t\t<section class=\"elementor-section elementor-top-section elementor-element elementor-element-9ba0b0d elementor-section-full_width elementor-section-height-default elementor-section-height-default\" data-id=\"9ba0b0d\" data-element_type=\"section\" data-settings=\"{&quot;background_background&quot;:&quot;classic&quot;}\">\n\t\t\t\t\t\t\t<div class=\"elementor-background-overlay\"><\/div>\n\t\t\t\t\t\t\t<div class=\"elementor-container elementor-column-gap-default\">\n\t\t\t\t\t<div class=\"elementor-column elementor-col-100 elementor-top-column elementor-element elementor-element-8b8f8ac\" data-id=\"8b8f8ac\" data-element_type=\"column\">\n\t\t\t<div class=\"elementor-widget-wrap elementor-element-populated\">\n\t\t\t\t\t\t<div class=\"elementor-element elementor-element-60b3bf9 elementor-widget elementor-widget-heading\" data-id=\"60b3bf9\" data-element_type=\"widget\" data-widget_type=\"heading.default\">\n\t\t\t\t<div class=\"elementor-widget-container\">\n\t\t\t<h1 class=\"elementor-heading-title elementor-size-default\">Stella Blicher, Marketingkoordinator<\/h1>\t\t<\/div>\n\t\t\t\t<\/div>\n\t\t\t\t<section class=\"elementor-section elementor-inner-section elementor-element elementor-element-c6886f7 elementor-section-boxed elementor-section-height-default elementor-section-height-default\" data-id=\"c6886f7\" data-element_type=\"section\">\n\t\t\t\t\t\t<div class=\"elementor-container elementor-column-gap-default\">\n\t\t\t\t\t<div class=\"elementor-column elementor-col-50 elementor-inner-column elementor-element elementor-element-6fd9ada\" data-id=\"6fd9ada\" data-element_type=\"column\">\n\t\t\t<div class=\"elementor-widget-wrap elementor-element-populated\">\n\t\t\t\t\t\t<div class=\"elementor-element elementor-element-5411dbd elementor-widget elementor-widget-image\" data-id=\"5411dbd\" data-element_type=\"widget\" data-widget_type=\"image.default\">\n\t\t\t\t<div class=\"elementor-widget-container\">\n\t\t\t\t\t\t\t\t\t\t\t\t\t<img fetchpriority=\"high\" decoding=\"async\" width=\"550\" height=\"765\" src=\"https:\/\/cvx.vc\/wp-content\/uploads\/2024\/01\/Stella-blicher.webp\" class=\"attachment-1536x1536 size-1536x1536 wp-image-29472\" alt=\"Stella blicher\" srcset=\"https:\/\/cvx.vc\/wp-content\/uploads\/2024\/01\/Stella-blicher.webp 550w, https:\/\/cvx.vc\/wp-content\/uploads\/2024\/01\/Stella-blicher-216x300.webp 216w\" sizes=\"(max-width: 550px) 100vw, 550px\" \/>\t\t\t\t\t\t\t\t\t\t\t\t\t<\/div>\n\t\t\t\t<\/div>\n\t\t\t\t<div class=\"elementor-element elementor-element-99d8924 elementor-icon-list--layout-traditional elementor-list-item-link-full_width elementor-widget elementor-widget-icon-list\" data-id=\"99d8924\" data-element_type=\"widget\" data-widget_type=\"icon-list.default\">\n\t\t\t\t<div class=\"elementor-widget-container\">\n\t\t\t\t\t<ul class=\"elementor-icon-list-items\">\n\t\t\t\t\t\t\t<li class=\"elementor-icon-list-item\">\n\t\t\t\t\t\t\t\t\t\t\t<span class=\"elementor-icon-list-icon\">\n\t\t\t\t\t\t\t<i aria-hidden=\"true\" class=\"fas fa-phone-alt\"><\/i>\t\t\t\t\t\t<\/span>\n\t\t\t\t\t\t\t\t\t\t<span class=\"elementor-icon-list-text\">+45 61 28 88 86<\/span>\n\t\t\t\t\t\t\t\t\t<\/li>\n\t\t\t\t\t\t\t\t<li class=\"elementor-icon-list-item\">\n\t\t\t\t\t\t\t\t\t\t\t<span class=\"elementor-icon-list-icon\">\n\t\t\t\t\t\t\t<i aria-hidden=\"true\" class=\"fas fa-mail-bulk\"><\/i>\t\t\t\t\t\t<\/span>\n\t\t\t\t\t\t\t\t\t\t<span class=\"elementor-icon-list-text\"><a href=\"mailto:sb@cvx.vc\">sb@cvx.vc<\/a><\/span>\n\t\t\t\t\t\t\t\t\t<\/li>\n\t\t\t\t\t\t\t\t<li class=\"elementor-icon-list-item\">\n\t\t\t\t\t\t\t\t\t\t\t<span class=\"elementor-icon-list-icon\">\n\t\t\t\t\t\t\t<i aria-hidden=\"true\" class=\"fab fa-linkedin\"><\/i>\t\t\t\t\t\t<\/span>\n\t\t\t\t\t\t\t\t\t\t<span class=\"elementor-icon-list-text\"><a href=\"https:\/\/www.linkedin.com\/in\/stella-blicher-88b501243\/\" target=\"_blank\">LinkedIn<\/a><\/span>\n\t\t\t\t\t\t\t\t\t<\/li>\n\t\t\t\t\t\t<\/ul>\n\t\t\t\t<\/div>\n\t\t\t\t<\/div>\n\t\t\t\t<div class=\"elementor-element elementor-element-87a6914 elementor-widget elementor-widget-button\" data-id=\"87a6914\" data-element_type=\"widget\" data-widget_type=\"button.default\">\n\t\t\t\t<div class=\"elementor-widget-container\">\n\t\t\t\t\t<div class=\"elementor-button-wrapper\">\n\t\t\t<a class=\"elementor-button elementor-button-link elementor-size-sm\" href=\"https:\/\/cvx.vc\/om-os\/\">\n\t\t\t\t\t\t<span class=\"elementor-button-content-wrapper\">\n\t\t\t\t\t\t\t\t\t<span class=\"elementor-button-text\">\u2190 L\u00e6s mere om os!<\/span>\n\t\t\t\t\t<\/span>\n\t\t\t\t\t<\/a>\n\t\t<\/div>\n\t\t\t\t<\/div>\n\t\t\t\t<\/div>\n\t\t\t\t\t<\/div>\n\t\t<\/div>\n\t\t\t\t<div class=\"elementor-column elementor-col-50 elementor-inner-column elementor-element elementor-element-51cb70f\" data-id=\"51cb70f\" data-element_type=\"column\">\n\t\t\t<div class=\"elementor-widget-wrap elementor-element-populated\">\n\t\t\t\t\t\t<div class=\"elementor-element elementor-element-12f4931 elementor-widget__width-initial elementor-widget elementor-widget-text-editor\" data-id=\"12f4931\" data-element_type=\"widget\" data-widget_type=\"text-editor.default\">\n\t\t\t\t<div class=\"elementor-widget-container\">\n\t\t\t\t\t\t\t<p class=\"p1\"><span style=\"color: #ffffff\">Hej<\/span><\/p><p class=\"p1\"><span style=\"color: #ffffff\">Mit navn er Stella, og jeg er studentermedhj\u00e6lper i marketingafdelingen hos CVX. Jeg bruger min tid bag kulisserne p\u00e5 at designe visuelt indhold og finde ud af, hvad der f\u00e5r dig til at f\u00f8le dig mere forbundet til vores brand. Min rolle indeb\u00e6rer ogs\u00e5 kreativ t\u00e6nkning og innovative kommunikationsinitiativer.<\/span><\/p>\t\t\t\t\t\t<\/div>\n\t\t\t\t<\/div>\n\t\t\t\t<div class=\"elementor-element elementor-element-8555bcb elementor-widget elementor-widget-heading\" data-id=\"8555bcb\" data-element_type=\"widget\" data-widget_type=\"heading.default\">\n\t\t\t\t<div class=\"elementor-widget-container\">\n\t\t\t<h3 class=\"elementor-heading-title elementor-size-default\">Baggrund<\/h3>\t\t<\/div>\n\t\t\t\t<\/div>\n\t\t\t\t<div class=\"elementor-element elementor-element-0544e28 elementor-widget elementor-widget-text-editor\" data-id=\"0544e28\" data-element_type=\"widget\" data-widget_type=\"text-editor.default\">\n\t\t\t\t<div class=\"elementor-widget-container\">\n\t\t\t\t\t\t\t<p class=\"p1\"><span style=\"color: #ffffff\">Jeg flyttede til Danmark, da jeg var ung, og har siden da levet mit liv her, med nogle f\u00e5 korte afstikkere tilbage til USA p\u00e5 udveksling. Min baggrund ligger inden for international business og marketing. I \u00f8jeblikket studerer jeg Markedsf\u00f8rings\u00f8konom p\u00e5 CPH Business, hvor jeg bruger min tid ved siden af mit arbejde.<\/span><\/p>\t\t\t\t\t\t<\/div>\n\t\t\t\t<\/div>\n\t\t\t\t<div class=\"elementor-element elementor-element-5a3c00d elementor-widget elementor-widget-heading\" data-id=\"5a3c00d\" data-element_type=\"widget\" data-widget_type=\"heading.default\">\n\t\t\t\t<div class=\"elementor-widget-container\">\n\t\t\t<h3 class=\"elementor-heading-title elementor-size-default\">H\u00f8jdepunkter<\/h3>\t\t<\/div>\n\t\t\t\t<\/div>\n\t\t\t\t<div class=\"elementor-element elementor-element-08972fc elementor-widget elementor-widget-text-editor\" data-id=\"08972fc\" data-element_type=\"widget\" data-widget_type=\"text-editor.default\">\n\t\t\t\t<div class=\"elementor-widget-container\">\n\t\t\t\t\t\t\t<p class=\"p1\"><span style=\"color: #ffffff\">Det, der gl\u00e6der mig mest ved mit job, er muligheden for at v\u00e6re kreativ og innovativ inden for mit arbejdsomr\u00e5de. Jeg kan fordybe mig i social medieanalyse og content, hvilket er det, jeg elsker at g\u00f8re.<\/span><\/p>\t\t\t\t\t\t<\/div>\n\t\t\t\t<\/div>\n\t\t\t\t<div class=\"elementor-element elementor-element-d537663 elementor-widget elementor-widget-heading\" data-id=\"d537663\" data-element_type=\"widget\" data-widget_type=\"heading.default\">\n\t\t\t\t<div class=\"elementor-widget-container\">\n\t\t\t<h3 class=\"elementor-heading-title elementor-size-default\">Den afslappede side af forretningen<\/h3>\t\t<\/div>\n\t\t\t\t<\/div>\n\t\t\t\t<div class=\"elementor-element elementor-element-e6ca857 elementor-widget elementor-widget-text-editor\" data-id=\"e6ca857\" data-element_type=\"widget\" data-widget_type=\"text-editor.default\">\n\t\t\t\t<div class=\"elementor-widget-container\">\n\t\t\t\t\t\t\t<p class=\"p1\"><span style=\"color: #ffffff\">N\u00e5r jeg ikke arbejder, tilbringer jeg min tid med mine dejlige venner og familie. Jeg er en meget social person og f\u00e5r ny energi ved at nyde andres selskab. Jeg bruger ogs\u00e5 s\u00e5 meget tid som muligt p\u00e5 at rejse, n\u00e5r jeg f\u00e5r chancen.<\/span><\/p>\t\t\t\t\t\t<\/div>\n\t\t\t\t<\/div>\n\t\t\t\t\t<\/div>\n\t\t<\/div>\n\t\t\t\t\t<\/div>\n\t\t<\/section>\n\t\t\t\t\t<\/div>\n\t\t<\/div>\n\t\t\t\t\t<\/div>\n\t\t<\/section>\n\t\t\t\t<\/div>\n\t\t","protected":false},"excerpt":{"rendered":"<p>Stella Blicher, Marketingkoordinator +45 61 28 88 86 sb@cvx.vc LinkedIn \u2190 L\u00e6s mere om os! Hej Mit navn er Stella, og jeg er studentermedhj\u00e6lper i marketingafdelingen hos CVX. Jeg bruger min tid bag kulisserne p\u00e5 at designe visuelt indhold og finde ud af, hvad der f\u00e5r dig til at f\u00f8le dig mere forbundet til vores [&hellip;]<\/p>\n","protected":false},"author":25,"featured_media":26158,"parent":2026,"menu_order":0,"comment_status":"closed","ping_status":"closed","template":"","meta":{"site-sidebar-layout":"no-sidebar","site-content-layout":"page-builder","ast-site-content-layout":"full-width-container","site-content-style":"unboxed","site-sidebar-style":"unboxed","ast-global-header-display":"","ast-banner-title-visibility":"","ast-main-header-display":"disabled","ast-hfb-above-header-display":"","ast-hfb-below-header-display":"","ast-hfb-mobile-header-display":"","site-post-title":"disabled","ast-breadcrumbs-content":"disabled","ast-featured-img":"disabled","footer-sml-layout":"","theme-transparent-header-meta":"default","adv-header-id-meta":"","stick-header-meta":"","header-above-stick-meta":"","header-main-stick-meta":"","header-below-stick-meta":"","astra-migrate-meta-layouts":"set","ast-page-background-enabled":"default","ast-page-background-meta":{"desktop":{"background-color":"","background-image":"","background-repeat":"repeat","background-position":"center center","background-size":"auto","background-attachment":"scroll","background-type":"","background-media":"","overlay-type":"","overlay-color":"","overlay-gradient":""},"tablet":{"background-color":"","background-image":"","background-repeat":"repeat","background-position":"center center","background-size":"auto","background-attachment":"scroll","background-type":"","background-media":"","overlay-type":"","overlay-color":"","overlay-gradient":""},"mobile":{"background-color":"","background-image":"","background-repeat":"repeat","background-position":"center center","background-size":"auto","background-attachment":"scroll","background-type":"","background-media":"","overlay-type":"","overlay-color":"","overlay-gradient":""}},"ast-content-background-meta":{"desktop":{"background-color":"var(--ast-global-color-5)","background-image":"","background-repeat":"repeat","background-position":"center center","background-size":"auto","background-attachment":"scroll","background-type":"","background-media":"","overlay-type":"","overlay-color":"","overlay-gradient":""},"tablet":{"background-color":"var(--ast-global-color-5)","background-image":"","background-repeat":"repeat","background-position":"center center","background-size":"auto","background-attachment":"scroll","background-type":"","background-media":"","overlay-type":"","overlay-color":"","overlay-gradient":""},"mobile":{"background-color":"var(--ast-global-color-5)","background-image":"","background-repeat":"repeat","background-position":"center center","background-size":"auto","background-attachment":"scroll","background-type":"","background-media":"","overlay-type":"","overlay-color":"","overlay-gradient":""}},"footnotes":""},"yoast_head":"<!-- This site is optimized with the Yoast SEO Premium plugin v22.4 (Yoast SEO v23.5) - https:\/\/yoast.com\/wordpress\/plugins\/seo\/ -->\n<title>Stella Blicher | CVX Ventures<\/title>\n<meta name=\"description\" content=\"Stella Blicher er Marketingkoordinator hos CVX Ventures. L\u00e6s mere her.\" \/>\n<meta name=\"robots\" content=\"index, follow, max-snippet:-1, max-image-preview:large, max-video-preview:-1\" \/>\n<link rel=\"canonical\" href=\"https:\/\/cvx.vc\/da\/om-os\/stella-blicher\/\" \/>\n<meta property=\"og:locale\" content=\"da_DK\" \/>\n<meta property=\"og:type\" content=\"article\" \/>\n<meta property=\"og:title\" content=\"Samarbejdspartnere | CVX Ventures | Danmarks mest v\u00e6rdiskabende investor\" \/>\n<meta property=\"og:description\" content=\"I CVX investerer vi i f\u00f8rende v\u00e6kstvirksomheder sammen med et netv\u00e6rk af mere end 680 erfarne ervhervsfolk med risikovillig kapital, viden og netv\u00e6rk der g\u00f8r en forskel for vores portef\u00f8ljevirksomheder.\" \/>\n<meta property=\"og:url\" content=\"https:\/\/cvx.vc\/da\/om-os\/stella-blicher\/\" \/>\n<meta property=\"og:site_name\" content=\"CVX Ventures\" \/>\n<meta property=\"article:publisher\" content=\"https:\/\/www.facebook.com\/cvxventures\/\" \/>\n<meta property=\"article:modified_time\" content=\"2024-04-04T08:09:21+00:00\" \/>\n<meta name=\"twitter:card\" content=\"summary_large_image\" \/>\n<meta name=\"twitter:title\" content=\"CVX Ventures | Danmarks mest v\u00e6rdiskabende investor\" \/>\n<meta name=\"twitter:description\" content=\"Sammen med vores partnere investerer vi kapital og kompetencer i de mest lovende v\u00e6kstvirksomheder og g\u00f8r en forskel for dansk erhvervsliv.\" \/>\n<meta name=\"twitter:label1\" content=\"Estimeret l\u00e6setid\" \/>\n\t<meta name=\"twitter:data1\" content=\"2 minutter\" \/>\n<script type=\"application\/ld+json\" class=\"yoast-schema-graph\">{\"@context\":\"https:\/\/schema.org\",\"@graph\":[{\"@type\":\"WebPage\",\"@id\":\"https:\/\/cvx.vc\/da\/om-os\/stella-blicher\/\",\"url\":\"https:\/\/cvx.vc\/da\/om-os\/stella-blicher\/\",\"name\":\"Stella Blicher | CVX Ventures\",\"isPartOf\":{\"@id\":\"https:\/\/cvx.vc\/da\/#website\"},\"primaryImageOfPage\":{\"@id\":\"https:\/\/cvx.vc\/da\/om-os\/stella-blicher\/#primaryimage\"},\"image\":{\"@id\":\"https:\/\/cvx.vc\/da\/om-os\/stella-blicher\/#primaryimage\"},\"thumbnailUrl\":\"https:\/\/cvx.vc\/wp-content\/uploads\/2023\/11\/Screen-Shot-2023-09-19-at-15.36.09-1.png\",\"datePublished\":\"2024-01-12T09:55:05+00:00\",\"dateModified\":\"2024-04-04T08:09:21+00:00\",\"description\":\"Stella Blicher er Marketingkoordinator hos CVX Ventures. L\u00e6s mere her.\",\"breadcrumb\":{\"@id\":\"https:\/\/cvx.vc\/da\/om-os\/stella-blicher\/#breadcrumb\"},\"inLanguage\":\"da-DK\",\"potentialAction\":[{\"@type\":\"ReadAction\",\"target\":[\"https:\/\/cvx.vc\/da\/om-os\/stella-blicher\/\"]}]},{\"@type\":\"ImageObject\",\"inLanguage\":\"da-DK\",\"@id\":\"https:\/\/cvx.vc\/da\/om-os\/stella-blicher\/#primaryimage\",\"url\":\"https:\/\/cvx.vc\/wp-content\/uploads\/2023\/11\/Screen-Shot-2023-09-19-at-15.36.09-1.png\",\"contentUrl\":\"https:\/\/cvx.vc\/wp-content\/uploads\/2023\/11\/Screen-Shot-2023-09-19-at-15.36.09-1.png\",\"width\":823,\"height\":1144},{\"@type\":\"BreadcrumbList\",\"@id\":\"https:\/\/cvx.vc\/da\/om-os\/stella-blicher\/#breadcrumb\",\"itemListElement\":[{\"@type\":\"ListItem\",\"position\":1,\"name\":\"Hjem\",\"item\":\"https:\/\/cvx.vc\/\"},{\"@type\":\"ListItem\",\"position\":2,\"name\":\"Om os | CVX Ventures | Investing in our future together\",\"item\":\"https:\/\/cvx.vc\/about-us\/\"},{\"@type\":\"ListItem\",\"position\":3,\"name\":\"Stella Blicher | CVX Ventures\"}]},{\"@type\":\"WebSite\",\"@id\":\"https:\/\/cvx.vc\/da\/#website\",\"url\":\"https:\/\/cvx.vc\/da\/\",\"name\":\"CVX Ventures\",\"description\":\"Vi investerer i Danmarks mest lovende v\u00e6kstvirksomheder\",\"publisher\":{\"@id\":\"https:\/\/cvx.vc\/da\/#organization\"},\"potentialAction\":[{\"@type\":\"SearchAction\",\"target\":{\"@type\":\"EntryPoint\",\"urlTemplate\":\"https:\/\/cvx.vc\/da\/?s={search_term_string}\"},\"query-input\":{\"@type\":\"PropertyValueSpecification\",\"valueRequired\":true,\"valueName\":\"search_term_string\"}}],\"inLanguage\":\"da-DK\"},{\"@type\":\"Organization\",\"@id\":\"https:\/\/cvx.vc\/da\/#organization\",\"name\":\"CVX Ventures | Danmarks mest v\u00e6rdiskabende investor\",\"url\":\"https:\/\/cvx.vc\/da\/\",\"logo\":{\"@type\":\"ImageObject\",\"inLanguage\":\"da-DK\",\"@id\":\"https:\/\/cvx.vc\/da\/#\/schema\/logo\/image\/\",\"url\":\"https:\/\/cvx.vc\/wp-content\/uploads\/2022\/08\/Group-241.svg\",\"contentUrl\":\"https:\/\/cvx.vc\/wp-content\/uploads\/2022\/08\/Group-241.svg\",\"width\":827,\"height\":394,\"caption\":\"CVX Ventures | Danmarks mest v\u00e6rdiskabende investor\"},\"image\":{\"@id\":\"https:\/\/cvx.vc\/da\/#\/schema\/logo\/image\/\"},\"sameAs\":[\"https:\/\/www.facebook.com\/cvxventures\/\",\"https:\/\/www.linkedin.com\/company\/cvxventures\/\"]}]}<\/script>\n<!-- \/ Yoast SEO Premium plugin. -->","yoast_head_json":{"title":"Stella Blicher | CVX Ventures","description":"Stella Blicher er Marketingkoordinator hos CVX Ventures. L\u00e6s mere her.","robots":{"index":"index","follow":"follow","max-snippet":"max-snippet:-1","max-image-preview":"max-image-preview:large","max-video-preview":"max-video-preview:-1"},"canonical":"https:\/\/cvx.vc\/da\/om-os\/stella-blicher\/","og_locale":"da_DK","og_type":"article","og_title":"Samarbejdspartnere | CVX Ventures | Danmarks mest v\u00e6rdiskabende investor","og_description":"I CVX investerer vi i f\u00f8rende v\u00e6kstvirksomheder sammen med et netv\u00e6rk af mere end 680 erfarne ervhervsfolk med risikovillig kapital, viden og netv\u00e6rk der g\u00f8r en forskel for vores portef\u00f8ljevirksomheder.","og_url":"https:\/\/cvx.vc\/da\/om-os\/stella-blicher\/","og_site_name":"CVX Ventures","article_publisher":"https:\/\/www.facebook.com\/cvxventures\/","article_modified_time":"2024-04-04T08:09:21+00:00","twitter_card":"summary_large_image","twitter_title":"CVX Ventures | Danmarks mest v\u00e6rdiskabende investor","twitter_description":"Sammen med vores partnere investerer vi kapital og kompetencer i de mest lovende v\u00e6kstvirksomheder og g\u00f8r en forskel for dansk erhvervsliv.","twitter_misc":{"Estimeret l\u00e6setid":"2 minutter"},"schema":{"@context":"https:\/\/schema.org","@graph":[{"@type":"WebPage","@id":"https:\/\/cvx.vc\/da\/om-os\/stella-blicher\/","url":"https:\/\/cvx.vc\/da\/om-os\/stella-blicher\/","name":"Stella Blicher | CVX Ventures","isPartOf":{"@id":"https:\/\/cvx.vc\/da\/#website"},"primaryImageOfPage":{"@id":"https:\/\/cvx.vc\/da\/om-os\/stella-blicher\/#primaryimage"},"image":{"@id":"https:\/\/cvx.vc\/da\/om-os\/stella-blicher\/#primaryimage"},"thumbnailUrl":"https:\/\/cvx.vc\/wp-content\/uploads\/2023\/11\/Screen-Shot-2023-09-19-at-15.36.09-1.png","datePublished":"2024-01-12T09:55:05+00:00","dateModified":"2024-04-04T08:09:21+00:00","description":"Stella Blicher er Marketingkoordinator hos CVX Ventures. L\u00e6s mere her.","breadcrumb":{"@id":"https:\/\/cvx.vc\/da\/om-os\/stella-blicher\/#breadcrumb"},"inLanguage":"da-DK","potentialAction":[{"@type":"ReadAction","target":["https:\/\/cvx.vc\/da\/om-os\/stella-blicher\/"]}]},{"@type":"ImageObject","inLanguage":"da-DK","@id":"https:\/\/cvx.vc\/da\/om-os\/stella-blicher\/#primaryimage","url":"https:\/\/cvx.vc\/wp-content\/uploads\/2023\/11\/Screen-Shot-2023-09-19-at-15.36.09-1.png","contentUrl":"https:\/\/cvx.vc\/wp-content\/uploads\/2023\/11\/Screen-Shot-2023-09-19-at-15.36.09-1.png","width":823,"height":1144},{"@type":"BreadcrumbList","@id":"https:\/\/cvx.vc\/da\/om-os\/stella-blicher\/#breadcrumb","itemListElement":[{"@type":"ListItem","position":1,"name":"Hjem","item":"https:\/\/cvx.vc\/"},{"@type":"ListItem","position":2,"name":"Om os | CVX Ventures | Investing in our future together","item":"https:\/\/cvx.vc\/about-us\/"},{"@type":"ListItem","position":3,"name":"Stella Blicher | CVX Ventures"}]},{"@type":"WebSite","@id":"https:\/\/cvx.vc\/da\/#website","url":"https:\/\/cvx.vc\/da\/","name":"CVX Ventures","description":"Vi investerer i Danmarks mest lovende v\u00e6kstvirksomheder","publisher":{"@id":"https:\/\/cvx.vc\/da\/#organization"},"potentialAction":[{"@type":"SearchAction","target":{"@type":"EntryPoint","urlTemplate":"https:\/\/cvx.vc\/da\/?s={search_term_string}"},"query-input":{"@type":"PropertyValueSpecification","valueRequired":true,"valueName":"search_term_string"}}],"inLanguage":"da-DK"},{"@type":"Organization","@id":"https:\/\/cvx.vc\/da\/#organization","name":"CVX Ventures | Danmarks mest v\u00e6rdiskabende investor","url":"https:\/\/cvx.vc\/da\/","logo":{"@type":"ImageObject","inLanguage":"da-DK","@id":"https:\/\/cvx.vc\/da\/#\/schema\/logo\/image\/","url":"https:\/\/cvx.vc\/wp-content\/uploads\/2022\/08\/Group-241.svg","contentUrl":"https:\/\/cvx.vc\/wp-content\/uploads\/2022\/08\/Group-241.svg","width":827,"height":394,"caption":"CVX Ventures | Danmarks mest v\u00e6rdiskabende investor"},"image":{"@id":"https:\/\/cvx.vc\/da\/#\/schema\/logo\/image\/"},"sameAs":["https:\/\/www.facebook.com\/cvxventures\/","https:\/\/www.linkedin.com\/company\/cvxventures\/"]}]}},"_links":{"self":[{"href":"https:\/\/cvx.vc\/da\/wp-json\/wp\/v2\/pages\/29067"}],"collection":[{"href":"https:\/\/cvx.vc\/da\/wp-json\/wp\/v2\/pages"}],"about":[{"href":"https:\/\/cvx.vc\/da\/wp-json\/wp\/v2\/types\/page"}],"author":[{"embeddable":true,"href":"https:\/\/cvx.vc\/da\/wp-json\/wp\/v2\/users\/25"}],"replies":[{"embeddable":true,"href":"https:\/\/cvx.vc\/da\/wp-json\/wp\/v2\/comments?post=29067"}],"version-history":[{"count":13,"href":"https:\/\/cvx.vc\/da\/wp-json\/wp\/v2\/pages\/29067\/revisions"}],"predecessor-version":[{"id":38752,"href":"https:\/\/cvx.vc\/da\/wp-json\/wp\/v2\/pages\/29067\/revisions\/38752"}],"up":[{"embeddable":true,"href":"https:\/\/cvx.vc\/da\/wp-json\/wp\/v2\/pages\/2026"}],"wp:featuredmedia":[{"embeddable":true,"href":"https:\/\/cvx.vc\/da\/wp-json\/wp\/v2\/media\/26158"}],"wp:attachment":[{"href":"https:\/\/cvx.vc\/da\/wp-json\/wp\/v2\/media?parent=29067"}],"curies":[{"name":"wp","href":"https:\/\/api.w.org\/{rel}","templated":true}]}}