{"id":12918,"date":"2022-08-22T16:01:13","date_gmt":"2022-08-22T16:01:13","guid":{"rendered":"http:\/\/cvx.vc\/?page_id=12918"},"modified":"2022-08-22T16:03:32","modified_gmt":"2022-08-22T16:03:32","slug":"cookie-and-privacy-policy","status":"publish","type":"page","link":"https:\/\/cvx.vc\/da\/cookie-and-privacy-policy\/","title":{"rendered":"Cookie and Privacy Policy"},"content":{"rendered":"\t\t<div data-elementor-type=\"wp-page\" data-elementor-id=\"12918\" class=\"elementor elementor-12918\" data-elementor-post-type=\"page\">\n\t\t\t\t\t\t<section class=\"elementor-section elementor-top-section elementor-element elementor-element-ef29734 elementor-section-height-min-height elementor-section-boxed elementor-section-height-default elementor-section-items-middle\" data-id=\"ef29734\" data-element_type=\"section\" data-settings=\"{&quot;background_background&quot;:&quot;classic&quot;}\">\n\t\t\t\t\t\t<div class=\"elementor-container elementor-column-gap-default\">\n\t\t\t\t\t<div class=\"elementor-column elementor-col-100 elementor-top-column elementor-element elementor-element-852faab\" data-id=\"852faab\" data-element_type=\"column\">\n\t\t\t<div class=\"elementor-widget-wrap\">\n\t\t\t\t\t\t\t<\/div>\n\t\t<\/div>\n\t\t\t\t\t<\/div>\n\t\t<\/section>\n\t\t\t\t<section class=\"elementor-section elementor-top-section elementor-element elementor-element-7246ae5c elementor-section-boxed elementor-section-height-default elementor-section-height-default\" data-id=\"7246ae5c\" data-element_type=\"section\" data-settings=\"{&quot;background_background&quot;:&quot;classic&quot;}\">\n\t\t\t\t\t\t<div class=\"elementor-container elementor-column-gap-default\">\n\t\t\t\t\t<div class=\"elementor-column elementor-col-100 elementor-top-column elementor-element elementor-element-8ea458e\" data-id=\"8ea458e\" data-element_type=\"column\">\n\t\t\t<div class=\"elementor-widget-wrap elementor-element-populated\">\n\t\t\t\t\t\t<div class=\"elementor-element elementor-element-163f56ae elementor-widget elementor-widget-heading\" data-id=\"163f56ae\" data-element_type=\"widget\" data-widget_type=\"heading.default\">\n\t\t\t\t<div class=\"elementor-widget-container\">\n\t\t\t<h1 class=\"elementor-heading-title elementor-size-default\">\nCookie and Privacy Policy<\/h1>\t\t<\/div>\n\t\t\t\t<\/div>\n\t\t\t\t<div class=\"elementor-element elementor-element-fb04f1c elementor-widget elementor-widget-text-editor\" data-id=\"fb04f1c\" data-element_type=\"widget\" data-widget_type=\"text-editor.default\">\n\t\t\t\t<div class=\"elementor-widget-container\">\n\t\t\t\t\t\t\t<p>Here on the page we hold our most updated privacy policy. Click\u00a0here\u00a0to see the<a href=\"http:\/\/cvx.vc\/cookie-og-privatlivspolitik\/\"> Danish version.<\/a> <br \/><br \/>Latest update:\u00a09\/9\/2021<\/p>\t\t\t\t\t\t<\/div>\n\t\t\t\t<\/div>\n\t\t\t\t<div class=\"elementor-element elementor-element-feb6ef5 elementor-widget elementor-widget-text-editor\" data-id=\"feb6ef5\" data-element_type=\"widget\" data-widget_type=\"text-editor.default\">\n\t\t\t\t<div class=\"elementor-widget-container\">\n\t\t\t\t\t\t\t<p><span style=\"font-size: inherit;text-align: inherit;font-family: var( --e-global-typography-text-font-family ), Sans-serif;letter-spacing: -0.015em\"><i>Effective date: Sep 10, 2021<\/i><\/span><\/p><p>CVX (\u201cus\u201d, \u201cwe\u201d, or \u201cour\u201d) operates the CVX.VC website (the \u201cService\u201d).<\/p><p>This page informs you of our policies regarding the collection, use, and disclosure of personal data when you use our Service and the choices you have associated with that data.\u00a0<\/p><p>We use your data to provide and improve the Service. By using the Service, you agree to the collection and use of information in accordance with this policy. Unless otherwise defined in this Privacy Policy, terms used in this Privacy Policy have the same meaning as in our Terms and Conditions, accessible from CVX.VC<\/p><h4><b>Information Collection And Use<\/b><\/h4><p>We collect several different types of information for various purposes to provide and improve our Service to you.<\/p><h5><span style=\"font-size: 18pt\"><b>Types of Data Collected<\/b><\/span><\/h5><p><b>Personal Data<\/b><\/p><p>While using our Service, we may ask you to provide us with certain personally identifiable information that can be used to contact or identify you (\u201cPersonal Data\u201d). Personally identifiable information may include, but is not limited to:<\/p><p>\u2013 Email address<\/p><p>\u2013 First name and last name<\/p><p>\u2013 Phone number<\/p><p>\u2013 Address, State, Province, ZIP\/Postal code, City<\/p><p>\u2013 Cookies and Usage Data<\/p><p>\u2013 Usage Data<\/p><p>We may also collect information on how the Service is accessed and used (\u201cUsage Data\u201d). This Usage Data may include information such as your computer\u2019s Internet Protocol address (e.g. IP address), browser type, browser version, the pages of our Service that you visit, the time and date of your visit, the time spent on those pages, unique device identifiers and other diagnostic data.<\/p><p><b>Tracking &amp; Cookies Data<\/b><\/p><p>We use cookies and similar tracking technologies to track the activity on our Service and store certain information.<\/p><p>Cookies are files with a small amount of data that may include an anonymous unique identifier. Cookies are sent to your browser from a website and stored on your device. Tracking technologies also used are beacons, tags, and scripts to collect and track information and to improve and analyze our Service.<\/p><p>You can instruct your browser to refuse all cookies or to indicate when a cookie is being sent. However, if you do not accept cookies, you may not be able to use some parts of our Service.<\/p><p>Examples of Cookies we use:<\/p><p>Session Cookies. We use Session Cookies to operate our Service.<\/p><p>Preference Cookies. We use Preference Cookies to remember your preferences and various settings.<\/p><p>Security Cookies. We use Security Cookies for security purposes.<\/p><h5><span style=\"font-size: 18pt\"><b>Use of Data<\/b><\/span><\/h5><p>CVX uses the collected data for various purposes:<\/p><p>\u2013 To provide and maintain the Service<\/p><p>\u2013 To notify you about changes to our Service<\/p><p>\u2013 To allow you to participate in interactive features of our Service when you choose to do so<\/p><p>\u2013 To provide customer care and support<\/p><p>\u2013 To provide analysis or valuable information so that we can improve the Service<\/p><p>\u2013 To monitor the usage of the Service<\/p><p>\u2013 To detect, prevent and address technical issues<\/p><p>\u2013 Transfer Of Data<\/p><p>\u2013 Your information, including Personal Data, may be transferred to \u2014 and maintained on \u2014\u00a0 computers located outside of your state, province, country or other governmental jurisdiction where the data protection laws may differ from those from your jurisdiction.<\/p><p>If you are located outside Denmark and choose to provide information to us, please note that we transfer the data, including Personal Data, to Denmark and process it there.<\/p><p>Your consent to this Privacy Policy followed by your submission of such information represents your agreement to that transfer.<\/p><p>CVX will take all steps reasonably necessary to ensure that your data is treated securely and in accordance with this Privacy Policy and no transfer of your Personal Data will take place to an organization or a country unless there are adequate controls in place including the security of your data and other personal information.<\/p><h4>Disclosure of data<\/h4><h5><b>Legal Requirements<\/b><\/h5><p>CVX may disclose your Personal Data in the good faith belief that such action is necessary to:<\/p><p>\u2013 To comply with a legal obligation<\/p><p>\u2013 To protect and defend the rights or property of CVX<\/p><p>\u2013 To prevent or investigate possible wrongdoing in connection with the Service<\/p><p>\u2013 To protect the personal safety of users of the Service or the public<\/p><p>\u2013 To protect against legal liability<\/p><p>\u2013 Security Of Data<\/p><p>\u2013 The security of your data is important to us, but remember that no method of transmission over the Internet, or method of electronic storage is 100% secure. While we strive to use commercially acceptable means to protect your Personal Data, we cannot guarantee its absolute security.<\/p><h5><b>Service Providers<\/b><\/h5><p>We may employ third-party companies and individuals to facilitate our Service (\u201cService Providers\u201d), to provide the Service on our behalf, to perform Service-related services, or to assist us in analyzing how our Service is used.<\/p><p>These third parties have access to your Personal Data only to perform these tasks on our behalf and are obligated not to disclose or use it for any other purpose.<\/p><h5><b>Links To Other Sites<\/b><\/h5><p>Our Service may contain links to other sites that are not operated by us. If you click on a third party link, you will be directed to that third party\u2019s site. We strongly advise you to review the Privacy Policy of every site you visit.<\/p><p>We have no control over and assume no responsibility for the content, privacy policies or practices of any third party sites or services.<\/p><h4><b>Children\u2019s Privacy<\/b><\/h4><p>Our Service does not address anyone under the age of 18 (\u201cChildren\u201d).<\/p><p>We do not knowingly collect personally identifiable information from anyone under the age of 18. If you are a parent or guardian and you are aware that your Children have provided us with Personal Data, please contact us. If we become aware that we have collected Personal Data from children without verification of parental consent, we take steps to remove that information from our servers.<\/p><h4><b>Changes To This Privacy Policy<\/b><\/h4><p>We may update our Privacy Policy from time to time. We will notify you of any changes by posting the new Privacy Policy on this page.<\/p><p>We will let you know via email and\/or a prominent notice on our Service, prior to the change becoming effective and update the \u201ceffective date\u201d at the top of this Privacy Policy.<\/p><p>You are advised to review this Privacy Policy periodically for any changes. Changes to this Privacy Policy are effective when they are posted on this page.<\/p><h4>Contact Us<\/h4><p>If you have any questions about this Privacy Policy, please contact us:<\/p><p>By email: info@cvx.vc<\/p><p>By phone number: (+45) 9394 9469<\/p>\t\t\t\t\t\t<\/div>\n\t\t\t\t<\/div>\n\t\t\t\t\t<\/div>\n\t\t<\/div>\n\t\t\t\t\t<\/div>\n\t\t<\/section>\n\t\t\t\t<\/div>\n\t\t","protected":false},"excerpt":{"rendered":"<p>Cookie and Privacy Policy Here on the page we hold our most updated privacy policy. Click\u00a0here\u00a0to see the Danish version. Latest update:\u00a09\/9\/2021 Effective date: Sep 10, 2021 CVX (\u201cus\u201d, \u201cwe\u201d, or \u201cour\u201d) operates the CVX.VC website (the \u201cService\u201d). This page informs you of our policies regarding the collection, use, and disclosure of personal data when [&hellip;]<\/p>\n","protected":false},"author":25,"featured_media":0,"parent":0,"menu_order":0,"comment_status":"closed","ping_status":"closed","template":"","meta":{"site-sidebar-layout":"no-sidebar","site-content-layout":"page-builder","ast-site-content-layout":"","site-content-style":"default","site-sidebar-style":"default","ast-global-header-display":"","ast-banner-title-visibility":"","ast-main-header-display":"disabled","ast-hfb-above-header-display":"","ast-hfb-below-header-display":"","ast-hfb-mobile-header-display":"","site-post-title":"disabled","ast-breadcrumbs-content":"disabled","ast-featured-img":"disabled","footer-sml-layout":"","theme-transparent-header-meta":"default","adv-header-id-meta":"","stick-header-meta":"","header-above-stick-meta":"","header-main-stick-meta":"","header-below-stick-meta":"","astra-migrate-meta-layouts":"default","ast-page-background-enabled":"default","ast-page-background-meta":{"desktop":{"background-color":"","background-image":"","background-repeat":"repeat","background-position":"center center","background-size":"auto","background-attachment":"scroll","background-type":"","background-media":"","overlay-type":"","overlay-color":"","overlay-gradient":""},"tablet":{"background-color":"","background-image":"","background-repeat":"repeat","background-position":"center center","background-size":"auto","background-attachment":"scroll","background-type":"","background-media":"","overlay-type":"","overlay-color":"","overlay-gradient":""},"mobile":{"background-color":"","background-image":"","background-repeat":"repeat","background-position":"center center","background-size":"auto","background-attachment":"scroll","background-type":"","background-media":"","overlay-type":"","overlay-color":"","overlay-gradient":""}},"ast-content-background-meta":{"desktop":{"background-color":"var(--ast-global-color-5)","background-image":"","background-repeat":"repeat","background-position":"center center","background-size":"auto","background-attachment":"scroll","background-type":"","background-media":"","overlay-type":"","overlay-color":"","overlay-gradient":""},"tablet":{"background-color":"var(--ast-global-color-5)","background-image":"","background-repeat":"repeat","background-position":"center center","background-size":"auto","background-attachment":"scroll","background-type":"","background-media":"","overlay-type":"","overlay-color":"","overlay-gradient":""},"mobile":{"background-color":"var(--ast-global-color-5)","background-image":"","background-repeat":"repeat","background-position":"center center","background-size":"auto","background-attachment":"scroll","background-type":"","background-media":"","overlay-type":"","overlay-color":"","overlay-gradient":""}},"footnotes":""},"yoast_head":"<!-- This site is optimized with the Yoast SEO Premium plugin v22.4 (Yoast SEO v23.5) - https:\/\/yoast.com\/wordpress\/plugins\/seo\/ -->\n<title>Cookie and Privacy Policy<\/title>\n<meta name=\"description\" content=\"Har du sp\u00f8rgsm\u00e5l, eller \u00f8nsker du at blive kontaktet af en af vores medarbejdere? S\u00e5 udfyld kontaktformularen her under.\" \/>\n<meta name=\"robots\" content=\"index, follow, max-snippet:-1, max-image-preview:large, max-video-preview:-1\" \/>\n<link rel=\"canonical\" href=\"https:\/\/cvx.vc\/da\/cookie-and-privacy-policy\/\" \/>\n<meta property=\"og:locale\" content=\"da_DK\" \/>\n<meta property=\"og:type\" content=\"article\" \/>\n<meta property=\"og:title\" content=\"CVX Ventures | Danmarks mest v\u00e6rdiskabende investor\" \/>\n<meta property=\"og:description\" content=\"Sammen med vores partnere investerer vi kapital og kompetencer i de mest lovende v\u00e6kstvirksomheder og g\u00f8r en forskel for dansk erhvervsliv.\" \/>\n<meta property=\"og:url\" content=\"https:\/\/cvx.vc\/da\/cookie-and-privacy-policy\/\" \/>\n<meta property=\"og:site_name\" content=\"CVX Ventures\" \/>\n<meta property=\"article:publisher\" content=\"https:\/\/www.facebook.com\/cvxventures\/\" \/>\n<meta property=\"article:modified_time\" content=\"2022-08-22T16:03:32+00:00\" \/>\n<meta name=\"twitter:card\" content=\"summary_large_image\" \/>\n<meta name=\"twitter:title\" content=\"CVX Ventures | Danmarks mest v\u00e6rdiskabende investor\" \/>\n<meta name=\"twitter:description\" content=\"Sammen med vores partnere investerer vi kapital og kompetencer i de mest lovende v\u00e6kstvirksomheder og g\u00f8r en forskel for dansk erhvervsliv.\" \/>\n<meta name=\"twitter:label1\" content=\"Estimeret l\u00e6setid\" \/>\n\t<meta name=\"twitter:data1\" content=\"6 minutter\" \/>\n<script type=\"application\/ld+json\" class=\"yoast-schema-graph\">{\"@context\":\"https:\/\/schema.org\",\"@graph\":[{\"@type\":\"WebPage\",\"@id\":\"https:\/\/cvx.vc\/da\/cookie-and-privacy-policy\/\",\"url\":\"https:\/\/cvx.vc\/da\/cookie-and-privacy-policy\/\",\"name\":\"Cookie and Privacy Policy\",\"isPartOf\":{\"@id\":\"https:\/\/cvx.vc\/da\/#website\"},\"datePublished\":\"2022-08-22T16:01:13+00:00\",\"dateModified\":\"2022-08-22T16:03:32+00:00\",\"description\":\"Har du sp\u00f8rgsm\u00e5l, eller \u00f8nsker du at blive kontaktet af en af vores medarbejdere? S\u00e5 udfyld kontaktformularen her under.\",\"breadcrumb\":{\"@id\":\"https:\/\/cvx.vc\/da\/cookie-and-privacy-policy\/#breadcrumb\"},\"inLanguage\":\"da-DK\",\"potentialAction\":[{\"@type\":\"ReadAction\",\"target\":[\"https:\/\/cvx.vc\/da\/cookie-and-privacy-policy\/\"]}]},{\"@type\":\"BreadcrumbList\",\"@id\":\"https:\/\/cvx.vc\/da\/cookie-and-privacy-policy\/#breadcrumb\",\"itemListElement\":[{\"@type\":\"ListItem\",\"position\":1,\"name\":\"Hjem\",\"item\":\"https:\/\/cvx.vc\/\"},{\"@type\":\"ListItem\",\"position\":2,\"name\":\"Cookie and Privacy Policy\"}]},{\"@type\":\"WebSite\",\"@id\":\"https:\/\/cvx.vc\/da\/#website\",\"url\":\"https:\/\/cvx.vc\/da\/\",\"name\":\"CVX Ventures\",\"description\":\"Vi investerer i Danmarks mest lovende v\u00e6kstvirksomheder\",\"publisher\":{\"@id\":\"https:\/\/cvx.vc\/da\/#organization\"},\"potentialAction\":[{\"@type\":\"SearchAction\",\"target\":{\"@type\":\"EntryPoint\",\"urlTemplate\":\"https:\/\/cvx.vc\/da\/?s={search_term_string}\"},\"query-input\":{\"@type\":\"PropertyValueSpecification\",\"valueRequired\":true,\"valueName\":\"search_term_string\"}}],\"inLanguage\":\"da-DK\"},{\"@type\":\"Organization\",\"@id\":\"https:\/\/cvx.vc\/da\/#organization\",\"name\":\"CVX Ventures | Danmarks mest v\u00e6rdiskabende investor\",\"url\":\"https:\/\/cvx.vc\/da\/\",\"logo\":{\"@type\":\"ImageObject\",\"inLanguage\":\"da-DK\",\"@id\":\"https:\/\/cvx.vc\/da\/#\/schema\/logo\/image\/\",\"url\":\"https:\/\/cvx.vc\/wp-content\/uploads\/2022\/08\/Group-241.svg\",\"contentUrl\":\"https:\/\/cvx.vc\/wp-content\/uploads\/2022\/08\/Group-241.svg\",\"width\":827,\"height\":394,\"caption\":\"CVX Ventures | Danmarks mest v\u00e6rdiskabende investor\"},\"image\":{\"@id\":\"https:\/\/cvx.vc\/da\/#\/schema\/logo\/image\/\"},\"sameAs\":[\"https:\/\/www.facebook.com\/cvxventures\/\",\"https:\/\/www.linkedin.com\/company\/cvxventures\/\"]}]}<\/script>\n<!-- \/ Yoast SEO Premium plugin. -->","yoast_head_json":{"title":"Cookie and Privacy Policy","description":"Har du sp\u00f8rgsm\u00e5l, eller \u00f8nsker du at blive kontaktet af en af vores medarbejdere? S\u00e5 udfyld kontaktformularen her under.","robots":{"index":"index","follow":"follow","max-snippet":"max-snippet:-1","max-image-preview":"max-image-preview:large","max-video-preview":"max-video-preview:-1"},"canonical":"https:\/\/cvx.vc\/da\/cookie-and-privacy-policy\/","og_locale":"da_DK","og_type":"article","og_title":"CVX Ventures | Danmarks mest v\u00e6rdiskabende investor","og_description":"Sammen med vores partnere investerer vi kapital og kompetencer i de mest lovende v\u00e6kstvirksomheder og g\u00f8r en forskel for dansk erhvervsliv.","og_url":"https:\/\/cvx.vc\/da\/cookie-and-privacy-policy\/","og_site_name":"CVX Ventures","article_publisher":"https:\/\/www.facebook.com\/cvxventures\/","article_modified_time":"2022-08-22T16:03:32+00:00","twitter_card":"summary_large_image","twitter_title":"CVX Ventures | Danmarks mest v\u00e6rdiskabende investor","twitter_description":"Sammen med vores partnere investerer vi kapital og kompetencer i de mest lovende v\u00e6kstvirksomheder og g\u00f8r en forskel for dansk erhvervsliv.","twitter_misc":{"Estimeret l\u00e6setid":"6 minutter"},"schema":{"@context":"https:\/\/schema.org","@graph":[{"@type":"WebPage","@id":"https:\/\/cvx.vc\/da\/cookie-and-privacy-policy\/","url":"https:\/\/cvx.vc\/da\/cookie-and-privacy-policy\/","name":"Cookie and Privacy Policy","isPartOf":{"@id":"https:\/\/cvx.vc\/da\/#website"},"datePublished":"2022-08-22T16:01:13+00:00","dateModified":"2022-08-22T16:03:32+00:00","description":"Har du sp\u00f8rgsm\u00e5l, eller \u00f8nsker du at blive kontaktet af en af vores medarbejdere? S\u00e5 udfyld kontaktformularen her under.","breadcrumb":{"@id":"https:\/\/cvx.vc\/da\/cookie-and-privacy-policy\/#breadcrumb"},"inLanguage":"da-DK","potentialAction":[{"@type":"ReadAction","target":["https:\/\/cvx.vc\/da\/cookie-and-privacy-policy\/"]}]},{"@type":"BreadcrumbList","@id":"https:\/\/cvx.vc\/da\/cookie-and-privacy-policy\/#breadcrumb","itemListElement":[{"@type":"ListItem","position":1,"name":"Hjem","item":"https:\/\/cvx.vc\/"},{"@type":"ListItem","position":2,"name":"Cookie and Privacy Policy"}]},{"@type":"WebSite","@id":"https:\/\/cvx.vc\/da\/#website","url":"https:\/\/cvx.vc\/da\/","name":"CVX Ventures","description":"Vi investerer i Danmarks mest lovende v\u00e6kstvirksomheder","publisher":{"@id":"https:\/\/cvx.vc\/da\/#organization"},"potentialAction":[{"@type":"SearchAction","target":{"@type":"EntryPoint","urlTemplate":"https:\/\/cvx.vc\/da\/?s={search_term_string}"},"query-input":{"@type":"PropertyValueSpecification","valueRequired":true,"valueName":"search_term_string"}}],"inLanguage":"da-DK"},{"@type":"Organization","@id":"https:\/\/cvx.vc\/da\/#organization","name":"CVX Ventures | Danmarks mest v\u00e6rdiskabende investor","url":"https:\/\/cvx.vc\/da\/","logo":{"@type":"ImageObject","inLanguage":"da-DK","@id":"https:\/\/cvx.vc\/da\/#\/schema\/logo\/image\/","url":"https:\/\/cvx.vc\/wp-content\/uploads\/2022\/08\/Group-241.svg","contentUrl":"https:\/\/cvx.vc\/wp-content\/uploads\/2022\/08\/Group-241.svg","width":827,"height":394,"caption":"CVX Ventures | Danmarks mest v\u00e6rdiskabende investor"},"image":{"@id":"https:\/\/cvx.vc\/da\/#\/schema\/logo\/image\/"},"sameAs":["https:\/\/www.facebook.com\/cvxventures\/","https:\/\/www.linkedin.com\/company\/cvxventures\/"]}]}},"_links":{"self":[{"href":"https:\/\/cvx.vc\/da\/wp-json\/wp\/v2\/pages\/12918"}],"collection":[{"href":"https:\/\/cvx.vc\/da\/wp-json\/wp\/v2\/pages"}],"about":[{"href":"https:\/\/cvx.vc\/da\/wp-json\/wp\/v2\/types\/page"}],"author":[{"embeddable":true,"href":"https:\/\/cvx.vc\/da\/wp-json\/wp\/v2\/users\/25"}],"replies":[{"embeddable":true,"href":"https:\/\/cvx.vc\/da\/wp-json\/wp\/v2\/comments?post=12918"}],"version-history":[{"count":1,"href":"https:\/\/cvx.vc\/da\/wp-json\/wp\/v2\/pages\/12918\/revisions"}],"predecessor-version":[{"id":41525,"href":"https:\/\/cvx.vc\/da\/wp-json\/wp\/v2\/pages\/12918\/revisions\/41525"}],"wp:attachment":[{"href":"https:\/\/cvx.vc\/da\/wp-json\/wp\/v2\/media?parent=12918"}],"curies":[{"name":"wp","href":"https:\/\/api.w.org\/{rel}","templated":true}]}}